{"id":8673,"date":"2024-05-11T08:25:44","date_gmt":"2024-05-11T08:25:44","guid":{"rendered":"https:\/\/www.ntperitajesmedicos.com\/?page_id=8673"},"modified":"2024-05-20T16:26:36","modified_gmt":"2024-05-20T16:26:36","slug":"perito-medico-uci","status":"publish","type":"page","link":"https:\/\/www.ntperitajesmedicos.com\/index.php\/especialidades-peritaje-medico\/perito-medico-uci\/","title":{"rendered":"Perito M\u00e9dico en UCI"},"content":{"rendered":"<div id=\"pl-8673\"  class=\"panel-layout\" ><div id=\"pg-8673-0\"  class=\"panel-grid panel-no-style\" ><div id=\"pgc-8673-0-0\"  class=\"panel-grid-cell\" ><div id=\"panel-8673-0-0-0\" class=\"so-panel widget widget_sow-editor panel-first-child panel-last-child\" data-index=\"0\" ><div\n\t\t\t\n\t\t\tclass=\"so-widget-sow-editor so-widget-sow-editor-base\"\n\t\t\t\n\t\t>\n<div class=\"siteorigin-widget-tinymce textwidget\">\n\t<p><span style=\"font-size: 16px;\">El perito m\u00e9dico en Unidad de Cuidados Intensivos (UCI) desempe\u00f1a un papel crucial en el \u00e1mbito legal al evaluar y brindar su experiencia en casos relacionados con situaciones cr\u00edticas de salud. En este art\u00edculo, exploraremos algunos casos frecuentes en los que se requiere la intervenci\u00f3n de un perito m\u00e9dico en UCI y destacaremos su importancia en el proceso legal.<\/span><\/p>\n<hr \/>\n<\/div>\n<\/div><\/div><\/div><\/div><div id=\"pg-8673-1\"  class=\"panel-grid panel-no-style\" ><div id=\"pgc-8673-1-0\"  class=\"panel-grid-cell\" ><div id=\"panel-8673-1-0-0\" class=\"so-panel widget widget_sow-editor panel-first-child panel-last-child\" data-index=\"1\" ><div\n\t\t\t\n\t\t\tclass=\"so-widget-sow-editor so-widget-sow-editor-base\"\n\t\t\t\n\t\t><h3 class=\"widget-title\">Casos de Perito M\u00e9dico en UCI<\/h3>\n<div class=\"siteorigin-widget-tinymce textwidget\">\n\t<p>Si crees que has sido v\u00edctima de <a href=\"https:\/\/www.ntperitajesmedicos.com\/index.php\/servicios-peritaje-medico\/peritaje-medico-por-mala-praxis\/\">Mala Praxis<\/a> podemos ayudarte. Ser\u00e1 imprescindible disponer del historial cl\u00ednico completo. Para demostrar una negligencia m\u00e9dica SIEMPRE ser\u00e1 necesario un Informe Pericial.<\/p>\n<\/div>\n<\/div><\/div><\/div><\/div><div id=\"pg-8673-2\"  class=\"panel-grid panel-no-style\" ><div id=\"pgc-8673-2-0\"  class=\"panel-grid-cell\" ><div id=\"panel-8673-2-0-0\" class=\"so-panel widget widget_media_image panel-first-child panel-last-child\" data-index=\"2\" ><a href=\"https:\/\/www.ntperitajesmedicos.com\/wp-content\/uploads\/2024\/05\/perito-uci.jpg\"><img loading=\"lazy\" decoding=\"async\" width=\"850\" height=\"567\" src=\"https:\/\/www.ntperitajesmedicos.com\/wp-content\/uploads\/2024\/05\/perito-uci.jpg\" class=\"image wp-image-8796  attachment-full size-full\" alt=\"Perito M\u00e9dico en UCI\" style=\"max-width: 100%; height: auto;\" srcset=\"https:\/\/www.ntperitajesmedicos.com\/wp-content\/uploads\/2024\/05\/perito-uci.jpg 850w, https:\/\/www.ntperitajesmedicos.com\/wp-content\/uploads\/2024\/05\/perito-uci-300x200.jpg 300w, https:\/\/www.ntperitajesmedicos.com\/wp-content\/uploads\/2024\/05\/perito-uci-768x512.jpg 768w, https:\/\/www.ntperitajesmedicos.com\/wp-content\/uploads\/2024\/05\/perito-uci-360x240.jpg 360w, https:\/\/www.ntperitajesmedicos.com\/wp-content\/uploads\/2024\/05\/perito-uci-272x182.jpg 272w\" sizes=\"auto, (max-width: 850px) 100vw, 850px\" \/><\/a><\/div><\/div><div id=\"pgc-8673-2-1\"  class=\"panel-grid-cell\" ><div id=\"panel-8673-2-1-0\" class=\"so-panel widget widget_media_image panel-first-child panel-last-child\" data-index=\"3\" ><a href=\"https:\/\/www.ntperitajesmedicos.com\/wp-content\/uploads\/2024\/03\/Perito-Penal_base.jpg\"><img loading=\"lazy\" decoding=\"async\" width=\"850\" height=\"567\" src=\"https:\/\/www.ntperitajesmedicos.com\/wp-content\/uploads\/2024\/03\/Perito-Penal_base.jpg\" class=\"image wp-image-8276  attachment-full size-full\" alt=\"Perito M\u00e9dico en Obstetricia\" style=\"max-width: 100%; height: auto;\" srcset=\"https:\/\/www.ntperitajesmedicos.com\/wp-content\/uploads\/2024\/03\/Perito-Penal_base.jpg 850w, https:\/\/www.ntperitajesmedicos.com\/wp-content\/uploads\/2024\/03\/Perito-Penal_base-300x200.jpg 300w, https:\/\/www.ntperitajesmedicos.com\/wp-content\/uploads\/2024\/03\/Perito-Penal_base-768x512.jpg 768w, https:\/\/www.ntperitajesmedicos.com\/wp-content\/uploads\/2024\/03\/Perito-Penal_base-360x240.jpg 360w, https:\/\/www.ntperitajesmedicos.com\/wp-content\/uploads\/2024\/03\/Perito-Penal_base-272x182.jpg 272w\" sizes=\"auto, (max-width: 850px) 100vw, 850px\" \/><\/a><\/div><\/div><\/div><div id=\"pg-8673-3\"  class=\"panel-grid panel-no-style\" ><div id=\"pgc-8673-3-0\"  class=\"panel-grid-cell\" ><div id=\"panel-8673-3-0-0\" class=\"so-panel widget widget_sow-editor panel-first-child panel-last-child\" data-index=\"4\" ><div\n\t\t\t\n\t\t\tclass=\"so-widget-sow-editor so-widget-sow-editor-base\"\n\t\t\t\n\t\t>\n<div class=\"siteorigin-widget-tinymce textwidget\">\n\t<p><span style=\"color: #56afd5; font-size: 15px;\"><strong>Negligencia en la atenci\u00f3n de pacientes en la UCI<\/strong><\/span><\/p>\n<p>Uno de los casos m\u00e1s comunes en los que se recurre al perito m\u00e9dico en UCI es cuando se sospecha de negligencia en la atenci\u00f3n de pacientes cr\u00edticos. El perito m\u00e9dico revisa los registros m\u00e9dicos, analiza los protocolos de atenci\u00f3n y eval\u00faa si hubo una falta de cuidado adecuado en la UCI. Su testimonio y an\u00e1lisis son fundamentales para determinar la responsabilidad y buscar una compensaci\u00f3n por los da\u00f1os sufridos debido a la negligencia en la atenci\u00f3n de pacientes cr\u00edticos.<\/p>\n<\/div>\n<\/div><\/div><\/div><div id=\"pgc-8673-3-1\"  class=\"panel-grid-cell\" ><div id=\"panel-8673-3-1-0\" class=\"so-panel widget widget_sow-editor panel-first-child panel-last-child\" data-index=\"5\" ><div\n\t\t\t\n\t\t\tclass=\"so-widget-sow-editor so-widget-sow-editor-base\"\n\t\t\t\n\t\t>\n<div class=\"siteorigin-widget-tinymce textwidget\">\n\t<p><span style=\"color: #56afd5; font-size: 15px;\"><strong>Error en la administraci\u00f3n de medicamentos en la UCI<\/strong><\/span><\/p>\n<p>Otro caso frecuente en el que se requiere la intervenci\u00f3n de un perito m\u00e9dico en UCI es en situaciones de error en la administraci\u00f3n de medicamentos. El perito m\u00e9dico revisa los registros m\u00e9dicos, eval\u00faa los procedimientos de medicaci\u00f3n y determina si hubo un error en la dosificaci\u00f3n, la frecuencia o la administraci\u00f3n de medicamentos en la UCI. Su opini\u00f3n es crucial para respaldar la reclamaci\u00f3n de compensaci\u00f3n por los da\u00f1os sufridos debido a errores en la administraci\u00f3n de medicamentos.<\/p>\n<\/div>\n<\/div><\/div><\/div><\/div><div id=\"pg-8673-4\"  class=\"panel-grid panel-no-style\" ><div id=\"pgc-8673-4-0\"  class=\"panel-grid-cell panel-grid-cell-mobile-last\" ><div id=\"panel-8673-4-0-0\" class=\"so-panel widget widget_sow-editor panel-first-child panel-last-child\" data-index=\"6\" ><div\n\t\t\t\n\t\t\tclass=\"so-widget-sow-editor so-widget-sow-editor-base\"\n\t\t\t\n\t\t>\n<div class=\"siteorigin-widget-tinymce textwidget\">\n\t<p><span style=\"color: #56afd5; font-size: 15px;\"><strong>Evaluaci\u00f3n de da\u00f1os en casos de negligencia m\u00e9dica en la UCI<\/strong><\/span><\/p>\n<p>La evaluaci\u00f3n de da\u00f1os en casos de negligencia m\u00e9dica en la UCI tambi\u00e9n requiere la intervenci\u00f3n de un perito m\u00e9dico especializado. Estos expertos analizan los informes m\u00e9dicos, revisan los resultados de pruebas y eval\u00faan el impacto de la negligencia en la salud y el bienestar del paciente. Su testimonio y an\u00e1lisis son fundamentales para respaldar las reclamaciones legales y garantizar una compensaci\u00f3n adecuada por los da\u00f1os sufridos debido a la negligencia m\u00e9dica en la UCI.<\/p>\n<\/div>\n<\/div><\/div><\/div><div id=\"pgc-8673-4-1\"  class=\"panel-grid-cell panel-grid-cell-empty\" ><\/div><\/div><div id=\"pg-8673-5\"  class=\"panel-grid panel-no-style\" ><div id=\"pgc-8673-5-0\"  class=\"panel-grid-cell\" ><div id=\"panel-8673-5-0-0\" class=\"so-panel widget widget_sow-editor panel-first-child panel-last-child\" data-index=\"7\" ><div class=\"featured-box panel-widget-style panel-widget-style-for-8673-5-0-0\" ><div\n\t\t\t\n\t\t\tclass=\"so-widget-sow-editor so-widget-sow-editor-base\"\n\t\t\t\n\t\t>\n<div class=\"siteorigin-widget-tinymce textwidget\">\n\t<p>En conclusi\u00f3n, el perito m\u00e9dico en Unidad de Cuidados Intensivos (UCI) juega un papel crucial en el \u00e1mbito legal al evaluar y brindar su experiencia en casos relacionados con situaciones cr\u00edticas de salud. Ya sea en casos de negligencia en la atenci\u00f3n de pacientes, errores en la administraci\u00f3n de medicamentos o evaluaci\u00f3n de da\u00f1os por negligencia m\u00e9dica, su intervenci\u00f3n proporciona una evaluaci\u00f3n objetiva y respaldo forense que contribuye a la resoluci\u00f3n justa de los casos y la protecci\u00f3n de los derechos de los pacientes.<\/p>\n<\/div>\n<\/div><\/div><\/div><\/div><\/div><div id=\"pg-8673-6\"  class=\"panel-grid panel-no-style\" ><div id=\"pgc-8673-6-0\"  class=\"panel-grid-cell\" ><div id=\"panel-8673-6-0-0\" class=\"so-panel widget widget_sow-editor panel-first-child panel-last-child\" data-index=\"8\" ><div\n\t\t\t\n\t\t\tclass=\"so-widget-sow-editor so-widget-sow-editor-base\"\n\t\t\t\n\t\t>\n<div class=\"siteorigin-widget-tinymce textwidget\">\n\t<hr \/>\n<\/div>\n<\/div><\/div><\/div><\/div><div id=\"pg-8673-7\"  class=\"panel-grid panel-no-style\" ><div id=\"pgc-8673-7-0\"  class=\"panel-grid-cell\" ><div id=\"panel-8673-7-0-0\" class=\"so-panel widget widget_sow-editor panel-first-child panel-last-child\" data-index=\"9\" ><div\n\t\t\t\n\t\t\tclass=\"so-widget-sow-editor so-widget-sow-editor-base\"\n\t\t\t\n\t\t><h3 class=\"widget-title\">Expl\u00edcanos tu Caso<\/h3>\n<div class=\"siteorigin-widget-tinymce textwidget\">\n\t<p>Te atenderemos de forma cercana y personalizada en toda Espa\u00f1a y en Andorra.<\/p>\n<\/div>\n<\/div><\/div><\/div><\/div><div id=\"pg-8673-8\"  class=\"panel-grid panel-no-style\" ><div id=\"pgc-8673-8-0\"  class=\"panel-grid-cell\" ><div id=\"panel-8673-8-0-0\" class=\"so-panel widget widget_qt_cta_button widget-cta-button panel-first-child panel-last-child\" data-index=\"10\" >\t\t\t\n\t\t\t<a class=\"btn btn-primary fullwidth\" href=\"https:\/\/www.ntperitajesmedicos.com\/index.php\/contactar\/\">\n\t\t\t\t\t\t\t\t\t<i class=\"fa fab fa-whatsapp\"><\/i>\n\t\t\t\t\t\t\t\tContacta por WhastApp, Tel\u00e9fono o Mail\t\t\t<\/a>\n\n\t\t\t<\/div><\/div><\/div><div id=\"pg-8673-9\"  class=\"panel-grid panel-no-style\" ><div id=\"pgc-8673-9-0\"  class=\"panel-grid-cell\" ><div id=\"panel-8673-9-0-0\" class=\"so-panel widget widget_qt_feature_page widget-featured-page panel-first-child panel-last-child\" data-index=\"11\" >\n\t\t\t<div class=\"featured-page\">\n\t\t\t\t\t\t\t\t\t<div class=\"featured-page--image\">\n\t\t\t\t\t\t<a href=\"https:\/\/www.ntperitajesmedicos.com\/index.php\/dra-cristina-noguera\/\">\n\t\t\t\t\t\t\t<img loading=\"lazy\" decoding=\"async\" width=\"360\" height=\"240\" src=\"https:\/\/www.ntperitajesmedicos.com\/wp-content\/uploads\/2024\/03\/CS-028_base-360x240.jpg\" class=\"attachment-physio-qt-featured-s size-physio-qt-featured-s\" alt=\"Dra. Cristina Noguera\" srcset=\"https:\/\/www.ntperitajesmedicos.com\/wp-content\/uploads\/2024\/03\/CS-028_base-360x240.jpg 360w, https:\/\/www.ntperitajesmedicos.com\/wp-content\/uploads\/2024\/03\/CS-028_base-300x200.jpg 300w, https:\/\/www.ntperitajesmedicos.com\/wp-content\/uploads\/2024\/03\/CS-028_base-768x512.jpg 768w, https:\/\/www.ntperitajesmedicos.com\/wp-content\/uploads\/2024\/03\/CS-028_base-272x182.jpg 272w, https:\/\/www.ntperitajesmedicos.com\/wp-content\/uploads\/2024\/03\/CS-028_base.jpg 850w\" sizes=\"auto, (min-width: 781px) 360px, calc(100vw - 30px)\" \/>\t\t\t\t\t\t\t<div class=\"featured-page--overlay\">\n\t\t\t\t\t\t\t\t\t\t\t\t\t\t\t\t\t<div class=\"overlay--center\">\n\t\t\t\t\t\t\t\t\t\t<span>Leer M\u00e1s<\/span>\n\t\t\t\t\t\t\t\t\t<\/div>\n\t\t\t\t\t\t\t\t\t\t\t\t\t\t\t<\/div>\n\t\t\t\t\t\t<\/a>\n\t\t\t\t\t<\/div>\n\t\t\t\t\t\t\t\t<div class=\"featured-page--content\">\n\t\t\t\t\t<h4 class=\"featued-page--title\">\n\t\t\t\t\t\t<a href=\"https:\/\/www.ntperitajesmedicos.com\/index.php\/dra-cristina-noguera\/\">Dra. Cristina Noguera<\/a>\n\t\t\t\t\t<\/h4>\n\t\t\t\t\t\t\t\t\t\t\t<p>La Dra. Cristina Noguera tiene m\u00e1s de 10 a\u00f1os de experiencia en obstetricia y ginecolog\u00eda. Facultativo en activo de la Sanidad P\u00fablica, especializada en Patolog\u00eda Mamaria. Actualizada&hellip;<\/p>\n\t\t\t\t\t\t\t\t\t\t\t\t\t\t\t\t<a href=\"https:\/\/www.ntperitajesmedicos.com\/index.php\/dra-cristina-noguera\/\" class=\"text-link\">Leer M\u00e1s<\/a>\n\t\t\t\t\t\t\t\t\t<\/div>\n\t\t\t<\/div>\n\n\t\t\t<\/div><\/div><div id=\"pgc-8673-9-1\"  class=\"panel-grid-cell\" ><div id=\"panel-8673-9-1-0\" class=\"so-panel widget widget_qt_feature_page widget-featured-page panel-first-child panel-last-child\" data-index=\"12\" >\n\t\t\t<div class=\"featured-page\">\n\t\t\t\t\t\t\t\t\t<div class=\"featured-page--image\">\n\t\t\t\t\t\t<a href=\"https:\/\/www.ntperitajesmedicos.com\/index.php\/dra-sandra-tudela\/\">\n\t\t\t\t\t\t\t<img loading=\"lazy\" decoding=\"async\" width=\"360\" height=\"240\" src=\"https:\/\/www.ntperitajesmedicos.com\/wp-content\/uploads\/2024\/05\/CS-019_Base-360x240.jpg\" class=\"attachment-physio-qt-featured-s size-physio-qt-featured-s\" alt=\"Dra. Sandra Tudela\" srcset=\"https:\/\/www.ntperitajesmedicos.com\/wp-content\/uploads\/2024\/05\/CS-019_Base-360x240.jpg 360w, https:\/\/www.ntperitajesmedicos.com\/wp-content\/uploads\/2024\/05\/CS-019_Base-300x200.jpg 300w, https:\/\/www.ntperitajesmedicos.com\/wp-content\/uploads\/2024\/05\/CS-019_Base-768x512.jpg 768w, https:\/\/www.ntperitajesmedicos.com\/wp-content\/uploads\/2024\/05\/CS-019_Base-272x182.jpg 272w, https:\/\/www.ntperitajesmedicos.com\/wp-content\/uploads\/2024\/05\/CS-019_Base.jpg 850w\" sizes=\"auto, (min-width: 781px) 360px, calc(100vw - 30px)\" \/>\t\t\t\t\t\t\t<div class=\"featured-page--overlay\">\n\t\t\t\t\t\t\t\t\t\t\t\t\t\t\t\t\t<div class=\"overlay--center\">\n\t\t\t\t\t\t\t\t\t\t<span>Leer M\u00e1s<\/span>\n\t\t\t\t\t\t\t\t\t<\/div>\n\t\t\t\t\t\t\t\t\t\t\t\t\t\t\t<\/div>\n\t\t\t\t\t\t<\/a>\n\t\t\t\t\t<\/div>\n\t\t\t\t\t\t\t\t<div class=\"featured-page--content\">\n\t\t\t\t\t<h4 class=\"featued-page--title\">\n\t\t\t\t\t\t<a href=\"https:\/\/www.ntperitajesmedicos.com\/index.php\/dra-sandra-tudela\/\">Dra. Sandra Tudela<\/a>\n\t\t\t\t\t<\/h4>\n\t\t\t\t\t\t\t\t\t\t\t<p>La Dra. Sandra Tudela es m\u00e9dica por la Universitat de Barcelona y especialista en Obstetricia y Ginecolog\u00eda v\u00eda MIR. Su gran experiencia en el \u00e1mbito asistencial p\u00fablico y privado,&hellip;<\/p>\n\t\t\t\t\t\t\t\t\t\t\t\t\t\t\t\t<a href=\"https:\/\/www.ntperitajesmedicos.com\/index.php\/dra-sandra-tudela\/\" class=\"text-link\">Leer M\u00e1s<\/a>\n\t\t\t\t\t\t\t\t\t<\/div>\n\t\t\t<\/div>\n\n\t\t\t<\/div><\/div><\/div><\/div>","protected":false},"excerpt":{"rendered":"<p>Un perito en UCI eval\u00faa complicaciones y resultados, como infecciones nosocomiales o errores en la gesti\u00f3n de ventilaci\u00f3n mec\u00e1nica.<\/p>\n","protected":false},"author":1,"featured_media":8796,"parent":8367,"menu_order":0,"comment_status":"closed","ping_status":"closed","template":"","meta":{"_acf_changed":false,"footnotes":""},"class_list":["post-8673","page","type-page","status-publish","has-post-thumbnail","hentry"],"acf":[],"yoast_head":"<!-- This site is optimized with the Yoast SEO plugin v22.3 - https:\/\/yoast.com\/wordpress\/plugins\/seo\/ -->\n<title>Perito M\u00e9dico en UCI | NT Peritajes M\u00e9dicos<\/title>\n<meta name=\"description\" content=\"Un perito en UCI eval\u00faa complicaciones y resultados, como infecciones nosocomiales o errores en la gesti\u00f3n de ventilaci\u00f3n mec\u00e1nica.\" \/>\n<meta name=\"robots\" content=\"index, follow, max-snippet:-1, max-image-preview:large, max-video-preview:-1\" \/>\n<link rel=\"canonical\" href=\"https:\/\/www.ntperitajesmedicos.com\/index.php\/especialidades-peritaje-medico\/perito-medico-uci\/\" \/>\n<meta property=\"og:locale\" content=\"es_ES\" \/>\n<meta property=\"og:type\" content=\"article\" \/>\n<meta property=\"og:title\" content=\"Perito M\u00e9dico en UCI | NT Peritajes M\u00e9dicos\" \/>\n<meta property=\"og:description\" content=\"Un perito en UCI eval\u00faa complicaciones y resultados, como infecciones nosocomiales o errores en la gesti\u00f3n de ventilaci\u00f3n mec\u00e1nica.\" \/>\n<meta property=\"og:url\" content=\"https:\/\/www.ntperitajesmedicos.com\/index.php\/especialidades-peritaje-medico\/perito-medico-uci\/\" \/>\n<meta property=\"og:site_name\" content=\"NT Peritajes M\u00e9dicos\" \/>\n<meta property=\"article:modified_time\" content=\"2024-05-20T16:26:36+00:00\" \/>\n<meta property=\"og:image\" content=\"https:\/\/www.ntperitajesmedicos.com\/wp-content\/uploads\/2024\/05\/perito-uci.jpg\" \/>\n\t<meta property=\"og:image:width\" content=\"850\" \/>\n\t<meta property=\"og:image:height\" content=\"567\" \/>\n\t<meta property=\"og:image:type\" content=\"image\/jpeg\" \/>\n<meta name=\"twitter:card\" content=\"summary_large_image\" \/>\n<meta name=\"twitter:label1\" content=\"Tiempo de lectura\" \/>\n\t<meta name=\"twitter:data1\" content=\"4 minutos\" \/>\n<script type=\"application\/ld+json\" class=\"yoast-schema-graph\">{\"@context\":\"https:\/\/schema.org\",\"@graph\":[{\"@type\":\"WebPage\",\"@id\":\"https:\/\/www.ntperitajesmedicos.com\/index.php\/especialidades-peritaje-medico\/perito-medico-uci\/\",\"url\":\"https:\/\/www.ntperitajesmedicos.com\/index.php\/especialidades-peritaje-medico\/perito-medico-uci\/\",\"name\":\"Perito M\u00e9dico en UCI | NT Peritajes M\u00e9dicos\",\"isPartOf\":{\"@id\":\"https:\/\/www.ntperitajesmedicos.com\/#website\"},\"primaryImageOfPage\":{\"@id\":\"https:\/\/www.ntperitajesmedicos.com\/index.php\/especialidades-peritaje-medico\/perito-medico-uci\/#primaryimage\"},\"image\":{\"@id\":\"https:\/\/www.ntperitajesmedicos.com\/index.php\/especialidades-peritaje-medico\/perito-medico-uci\/#primaryimage\"},\"thumbnailUrl\":\"https:\/\/www.ntperitajesmedicos.com\/wp-content\/uploads\/2024\/05\/perito-uci.jpg\",\"datePublished\":\"2024-05-11T08:25:44+00:00\",\"dateModified\":\"2024-05-20T16:26:36+00:00\",\"description\":\"Un perito en UCI eval\u00faa complicaciones y resultados, como infecciones nosocomiales o errores en la gesti\u00f3n de ventilaci\u00f3n mec\u00e1nica.\",\"breadcrumb\":{\"@id\":\"https:\/\/www.ntperitajesmedicos.com\/index.php\/especialidades-peritaje-medico\/perito-medico-uci\/#breadcrumb\"},\"inLanguage\":\"es\",\"potentialAction\":[{\"@type\":\"ReadAction\",\"target\":[\"https:\/\/www.ntperitajesmedicos.com\/index.php\/especialidades-peritaje-medico\/perito-medico-uci\/\"]}]},{\"@type\":\"ImageObject\",\"inLanguage\":\"es\",\"@id\":\"https:\/\/www.ntperitajesmedicos.com\/index.php\/especialidades-peritaje-medico\/perito-medico-uci\/#primaryimage\",\"url\":\"https:\/\/www.ntperitajesmedicos.com\/wp-content\/uploads\/2024\/05\/perito-uci.jpg\",\"contentUrl\":\"https:\/\/www.ntperitajesmedicos.com\/wp-content\/uploads\/2024\/05\/perito-uci.jpg\",\"width\":850,\"height\":567,\"caption\":\"CREATOR: gd-jpeg v1.0 (using IJG JPEG v62), quality = 82\"},{\"@type\":\"BreadcrumbList\",\"@id\":\"https:\/\/www.ntperitajesmedicos.com\/index.php\/especialidades-peritaje-medico\/perito-medico-uci\/#breadcrumb\",\"itemListElement\":[{\"@type\":\"ListItem\",\"position\":1,\"name\":\"Portada\",\"item\":\"https:\/\/www.ntperitajesmedicos.com\/\"},{\"@type\":\"ListItem\",\"position\":2,\"name\":\"Especialidades de Peritaje M\u00e9dico\",\"item\":\"https:\/\/www.ntperitajesmedicos.com\/index.php\/especialidades-peritaje-medico\/\"},{\"@type\":\"ListItem\",\"position\":3,\"name\":\"Perito M\u00e9dico en UCI\"}]},{\"@type\":\"WebSite\",\"@id\":\"https:\/\/www.ntperitajesmedicos.com\/#website\",\"url\":\"https:\/\/www.ntperitajesmedicos.com\/\",\"name\":\"NT Peritajes M\u00e9dicos\",\"description\":\"Perito m\u00e9dico por incapacidad o indemnizaci\u00f3n\",\"publisher\":{\"@id\":\"https:\/\/www.ntperitajesmedicos.com\/#organization\"},\"alternateName\":\"NT Peritajes M\u00e9dicos\",\"potentialAction\":[{\"@type\":\"SearchAction\",\"target\":{\"@type\":\"EntryPoint\",\"urlTemplate\":\"https:\/\/www.ntperitajesmedicos.com\/?s={search_term_string}\"},\"query-input\":\"required name=search_term_string\"}],\"inLanguage\":\"es\"},{\"@type\":\"Organization\",\"@id\":\"https:\/\/www.ntperitajesmedicos.com\/#organization\",\"name\":\"Noguera-Tudela | Perito M\u00e9dico\",\"url\":\"https:\/\/www.ntperitajesmedicos.com\/\",\"logo\":{\"@type\":\"ImageObject\",\"inLanguage\":\"es\",\"@id\":\"https:\/\/www.ntperitajesmedicos.com\/#\/schema\/logo\/image\/\",\"url\":\"https:\/\/www.ntperitajesmedicos.com\/wp-content\/uploads\/2024\/02\/Vertical-1.png\",\"contentUrl\":\"https:\/\/www.ntperitajesmedicos.com\/wp-content\/uploads\/2024\/02\/Vertical-1.png\",\"width\":493,\"height\":184,\"caption\":\"Noguera-Tudela | Perito M\u00e9dico\"},\"image\":{\"@id\":\"https:\/\/www.ntperitajesmedicos.com\/#\/schema\/logo\/image\/\"},\"sameAs\":[\"https:\/\/www.instagram.com\/ntperitajesmedicos\/\"]}]}<\/script>\n<!-- \/ Yoast SEO plugin. -->","yoast_head_json":{"title":"Perito M\u00e9dico en UCI | NT Peritajes M\u00e9dicos","description":"Un perito en UCI eval\u00faa complicaciones y resultados, como infecciones nosocomiales o errores en la gesti\u00f3n de ventilaci\u00f3n mec\u00e1nica.","robots":{"index":"index","follow":"follow","max-snippet":"max-snippet:-1","max-image-preview":"max-image-preview:large","max-video-preview":"max-video-preview:-1"},"canonical":"https:\/\/www.ntperitajesmedicos.com\/index.php\/especialidades-peritaje-medico\/perito-medico-uci\/","og_locale":"es_ES","og_type":"article","og_title":"Perito M\u00e9dico en UCI | NT Peritajes M\u00e9dicos","og_description":"Un perito en UCI eval\u00faa complicaciones y resultados, como infecciones nosocomiales o errores en la gesti\u00f3n de ventilaci\u00f3n mec\u00e1nica.","og_url":"https:\/\/www.ntperitajesmedicos.com\/index.php\/especialidades-peritaje-medico\/perito-medico-uci\/","og_site_name":"NT Peritajes M\u00e9dicos","article_modified_time":"2024-05-20T16:26:36+00:00","og_image":[{"width":850,"height":567,"url":"https:\/\/www.ntperitajesmedicos.com\/wp-content\/uploads\/2024\/05\/perito-uci.jpg","type":"image\/jpeg"}],"twitter_card":"summary_large_image","twitter_misc":{"Tiempo de lectura":"4 minutos"},"schema":{"@context":"https:\/\/schema.org","@graph":[{"@type":"WebPage","@id":"https:\/\/www.ntperitajesmedicos.com\/index.php\/especialidades-peritaje-medico\/perito-medico-uci\/","url":"https:\/\/www.ntperitajesmedicos.com\/index.php\/especialidades-peritaje-medico\/perito-medico-uci\/","name":"Perito M\u00e9dico en UCI | NT Peritajes M\u00e9dicos","isPartOf":{"@id":"https:\/\/www.ntperitajesmedicos.com\/#website"},"primaryImageOfPage":{"@id":"https:\/\/www.ntperitajesmedicos.com\/index.php\/especialidades-peritaje-medico\/perito-medico-uci\/#primaryimage"},"image":{"@id":"https:\/\/www.ntperitajesmedicos.com\/index.php\/especialidades-peritaje-medico\/perito-medico-uci\/#primaryimage"},"thumbnailUrl":"https:\/\/www.ntperitajesmedicos.com\/wp-content\/uploads\/2024\/05\/perito-uci.jpg","datePublished":"2024-05-11T08:25:44+00:00","dateModified":"2024-05-20T16:26:36+00:00","description":"Un perito en UCI eval\u00faa complicaciones y resultados, como infecciones nosocomiales o errores en la gesti\u00f3n de ventilaci\u00f3n mec\u00e1nica.","breadcrumb":{"@id":"https:\/\/www.ntperitajesmedicos.com\/index.php\/especialidades-peritaje-medico\/perito-medico-uci\/#breadcrumb"},"inLanguage":"es","potentialAction":[{"@type":"ReadAction","target":["https:\/\/www.ntperitajesmedicos.com\/index.php\/especialidades-peritaje-medico\/perito-medico-uci\/"]}]},{"@type":"ImageObject","inLanguage":"es","@id":"https:\/\/www.ntperitajesmedicos.com\/index.php\/especialidades-peritaje-medico\/perito-medico-uci\/#primaryimage","url":"https:\/\/www.ntperitajesmedicos.com\/wp-content\/uploads\/2024\/05\/perito-uci.jpg","contentUrl":"https:\/\/www.ntperitajesmedicos.com\/wp-content\/uploads\/2024\/05\/perito-uci.jpg","width":850,"height":567,"caption":"CREATOR: gd-jpeg v1.0 (using IJG JPEG v62), quality = 82"},{"@type":"BreadcrumbList","@id":"https:\/\/www.ntperitajesmedicos.com\/index.php\/especialidades-peritaje-medico\/perito-medico-uci\/#breadcrumb","itemListElement":[{"@type":"ListItem","position":1,"name":"Portada","item":"https:\/\/www.ntperitajesmedicos.com\/"},{"@type":"ListItem","position":2,"name":"Especialidades de Peritaje M\u00e9dico","item":"https:\/\/www.ntperitajesmedicos.com\/index.php\/especialidades-peritaje-medico\/"},{"@type":"ListItem","position":3,"name":"Perito M\u00e9dico en UCI"}]},{"@type":"WebSite","@id":"https:\/\/www.ntperitajesmedicos.com\/#website","url":"https:\/\/www.ntperitajesmedicos.com\/","name":"NT Peritajes M\u00e9dicos","description":"Perito m\u00e9dico por incapacidad o indemnizaci\u00f3n","publisher":{"@id":"https:\/\/www.ntperitajesmedicos.com\/#organization"},"alternateName":"NT Peritajes M\u00e9dicos","potentialAction":[{"@type":"SearchAction","target":{"@type":"EntryPoint","urlTemplate":"https:\/\/www.ntperitajesmedicos.com\/?s={search_term_string}"},"query-input":"required name=search_term_string"}],"inLanguage":"es"},{"@type":"Organization","@id":"https:\/\/www.ntperitajesmedicos.com\/#organization","name":"Noguera-Tudela | Perito M\u00e9dico","url":"https:\/\/www.ntperitajesmedicos.com\/","logo":{"@type":"ImageObject","inLanguage":"es","@id":"https:\/\/www.ntperitajesmedicos.com\/#\/schema\/logo\/image\/","url":"https:\/\/www.ntperitajesmedicos.com\/wp-content\/uploads\/2024\/02\/Vertical-1.png","contentUrl":"https:\/\/www.ntperitajesmedicos.com\/wp-content\/uploads\/2024\/02\/Vertical-1.png","width":493,"height":184,"caption":"Noguera-Tudela | Perito M\u00e9dico"},"image":{"@id":"https:\/\/www.ntperitajesmedicos.com\/#\/schema\/logo\/image\/"},"sameAs":["https:\/\/www.instagram.com\/ntperitajesmedicos\/"]}]}},"_links":{"self":[{"href":"https:\/\/www.ntperitajesmedicos.com\/index.php\/wp-json\/wp\/v2\/pages\/8673","targetHints":{"allow":["GET"]}}],"collection":[{"href":"https:\/\/www.ntperitajesmedicos.com\/index.php\/wp-json\/wp\/v2\/pages"}],"about":[{"href":"https:\/\/www.ntperitajesmedicos.com\/index.php\/wp-json\/wp\/v2\/types\/page"}],"author":[{"embeddable":true,"href":"https:\/\/www.ntperitajesmedicos.com\/index.php\/wp-json\/wp\/v2\/users\/1"}],"replies":[{"embeddable":true,"href":"https:\/\/www.ntperitajesmedicos.com\/index.php\/wp-json\/wp\/v2\/comments?post=8673"}],"version-history":[{"count":4,"href":"https:\/\/www.ntperitajesmedicos.com\/index.php\/wp-json\/wp\/v2\/pages\/8673\/revisions"}],"predecessor-version":[{"id":8855,"href":"https:\/\/www.ntperitajesmedicos.com\/index.php\/wp-json\/wp\/v2\/pages\/8673\/revisions\/8855"}],"up":[{"embeddable":true,"href":"https:\/\/www.ntperitajesmedicos.com\/index.php\/wp-json\/wp\/v2\/pages\/8367"}],"wp:featuredmedia":[{"embeddable":true,"href":"https:\/\/www.ntperitajesmedicos.com\/index.php\/wp-json\/wp\/v2\/media\/8796"}],"wp:attachment":[{"href":"https:\/\/www.ntperitajesmedicos.com\/index.php\/wp-json\/wp\/v2\/media?parent=8673"}],"curies":[{"name":"wp","href":"https:\/\/api.w.org\/{rel}","templated":true}]}}