{"id":7940,"date":"2024-03-02T09:44:37","date_gmt":"2024-03-02T09:44:37","guid":{"rendered":"http:\/\/www.ntperitajesmedicos.com\/?page_id=7940"},"modified":"2024-05-01T08:29:53","modified_gmt":"2024-05-01T08:29:53","slug":"dra-sandra-tudela","status":"publish","type":"page","link":"https:\/\/www.ntperitajesmedicos.com\/index.php\/dra-sandra-tudela\/","title":{"rendered":"Dra. Sandra Tudela"},"content":{"rendered":"<div id=\"pl-7940\"  class=\"panel-layout\" ><div id=\"pg-7940-0\"  class=\"panel-grid panel-no-style\" ><div id=\"pgc-7940-0-0\"  class=\"panel-grid-cell\" ><div id=\"panel-7940-0-0-0\" class=\"so-panel widget widget_sow-editor panel-first-child panel-last-child\" data-index=\"0\" ><div\n\t\t\t\n\t\t\tclass=\"so-widget-sow-editor so-widget-sow-editor-base\"\n\t\t\t\n\t\t>\n<div class=\"siteorigin-widget-tinymce textwidget\">\n\t<p>La Dra. Sandra Tudela es m\u00e9dica por la Universitat de Barcelona y especialista en Obstetricia y Ginecolog\u00eda v\u00eda MIR. Su gran experiencia en el \u00e1mbito asistencial p\u00fablico y privado, tanto en patolog\u00eda ginecol\u00f3gica a nivel hospitalario, en sala de partos, en consultas y tambi\u00e9n quir\u00fargica, le da una visi\u00f3n muy amplia de la Ginecolog\u00eda.<\/p>\n<p>Su etapa como Jefa de servicio le ofreci\u00f3 la oportunidad de conocer otras facetas de la profesi\u00f3n m\u00e9dica, como la importancia de cumplir con unos protocolos asistenciales actualizados, la obligaci\u00f3n de ofrecer la m\u00e1xima calidad asistencial y la responsabilidad de hospitales tanto p\u00fablicos como privados en el cumplimiento de dichas premisas.<\/p>\n<p>La resoluci\u00f3n de conflictos m\u00e9dico-paciente siempre fu\u00e9 una de sus funciones y de ah\u00ed su gran inter\u00e9s por conocer en profundidad los derechos y obligaciones de ambas partes. Decidi\u00f3 especializarse en peritaje m\u00e9dico para ampliar sus conocimientos legales y poder solventar dudas de colegas de profesi\u00f3n y pacientes que lo necesitaran. En ese momento descubri\u00f3 otra gran pasi\u00f3n.<\/p>\n<p><span style=\"color: #56afd5; font-size: 15px;\"><strong>Formaci\u00f3n<br \/>\n<\/strong><\/span><br \/>\n<strong><span class=\"icon-wrap\"><i class=\"fa-solid fa-graduation-cap\"><\/i><\/span> <\/strong>Licenciada en Medicina y Cirug\u00eda por la Universidad de Barcelona (UB).<br \/>\n<strong><span class=\"icon-wrap\"><i class=\"fa-solid fa-graduation-cap\"><\/i><\/span> <\/strong>Especialista en Ginecologia i Obstetr\u00edcia. Hospital General de Vic (CHV).<br \/>\n<strong><span class=\"icon-wrap\"><i class=\"fa-solid fa-graduation-cap\"><\/i><\/span> <\/strong>M\u00e1ster en Medicina Evaluadora y Peritaje M\u00e9dico. Universidad de Barcelona (UB).<\/p>\n<p><span style=\"color: #56afd5; font-size: 15px;\"><strong>Trayectoria<br \/>\n<\/strong><\/span><br \/>\n<strong><span class=\"icon-wrap\"><i class=\"fas fa-check\"><\/i><\/span> <\/strong>Adjunta del servicio de Ginecolog\u00eda y Obstetricia del Hospital Sant Jaume d\u2019Olot (2012-2013).<br \/>\n<strong><span class=\"icon-wrap\"><i class=\"fas fa-check\"><\/i><\/span> <\/strong>Jefa de servicio de Ginecolog\u00eda y Obstetricia del Hospital de Olot y Comarcal de la Garrotxa y del ASSIR Garrotxa (2013-2021).<br \/>\n<strong><span class=\"icon-wrap\"><i class=\"fas fa-check\"><\/i><\/span> <\/strong>Adjunta del servicio de Ginecolog\u00eda y Obstetricia de la Cl\u00ednica Bofill Girona. Actualmente.<br \/>\n<strong><span class=\"icon-wrap\"><i class=\"fas fa-check\"><\/i><\/span> <\/strong>Miembro de la Sociedad Espa\u00f1ola de Ginecolog\u00eda y Obstetricia (SEGO) y de la Sociedad Catalana de Ginecolog\u00eda y Obstetr\u00edcia (SCGO).<\/p>\n<\/div>\n<\/div><\/div><\/div><div id=\"pgc-7940-0-1\"  class=\"panel-grid-cell\" ><div id=\"panel-7940-0-1-0\" class=\"so-panel widget widget_media_image panel-first-child panel-last-child\" data-index=\"1\" ><a href=\"https:\/\/www.ntperitajesmedicos.com\/wp-content\/uploads\/2024\/03\/CS-131_base2.jpg\"><img loading=\"lazy\" decoding=\"async\" width=\"850\" height=\"1600\" src=\"https:\/\/www.ntperitajesmedicos.com\/wp-content\/uploads\/2024\/03\/CS-131_base2.jpg\" class=\"image wp-image-8151  attachment-full size-full\" alt=\"Dra. Sandra Tudela\" style=\"max-width: 100%; height: auto;\" srcset=\"https:\/\/www.ntperitajesmedicos.com\/wp-content\/uploads\/2024\/03\/CS-131_base2.jpg 850w, https:\/\/www.ntperitajesmedicos.com\/wp-content\/uploads\/2024\/03\/CS-131_base2-159x300.jpg 159w, https:\/\/www.ntperitajesmedicos.com\/wp-content\/uploads\/2024\/03\/CS-131_base2-544x1024.jpg 544w, https:\/\/www.ntperitajesmedicos.com\/wp-content\/uploads\/2024\/03\/CS-131_base2-768x1446.jpg 768w, https:\/\/www.ntperitajesmedicos.com\/wp-content\/uploads\/2024\/03\/CS-131_base2-816x1536.jpg 816w\" sizes=\"auto, (max-width: 850px) 100vw, 850px\" \/><\/a><\/div><\/div><\/div><\/div>","protected":false},"excerpt":{"rendered":"<p>La Dra. Sandra Tudela es m\u00e9dica por la Universitat de Barcelona y especialista en Obstetricia y Ginecolog\u00eda v\u00eda MIR. Su gran experiencia en el \u00e1mbito asistencial p\u00fablico y privado, tanto en patolog\u00eda ginecol\u00f3gica a nivel hospitalario, en sala de partos, en consultas y tambi\u00e9n quir\u00fargica, le da una visi\u00f3n muy amplia de la Ginecolog\u00eda. Su [&hellip;]<\/p>\n","protected":false},"author":1,"featured_media":8635,"parent":0,"menu_order":0,"comment_status":"closed","ping_status":"closed","template":"","meta":{"_acf_changed":false,"footnotes":""},"class_list":["post-7940","page","type-page","status-publish","has-post-thumbnail","hentry"],"acf":[],"yoast_head":"<!-- This site is optimized with the Yoast SEO plugin v22.3 - https:\/\/yoast.com\/wordpress\/plugins\/seo\/ -->\n<title>Dra. Sandra Tudela | NT Peritajes M\u00e9dicos<\/title>\n<meta name=\"description\" content=\"Dra. Sandra Tudela, la resoluci\u00f3n de conflictos m\u00e9dico-paciente siempre y conocer en profundidad los derechos y obligaciones de ambas partes.\" \/>\n<meta name=\"robots\" content=\"index, follow, max-snippet:-1, max-image-preview:large, max-video-preview:-1\" \/>\n<link rel=\"canonical\" href=\"https:\/\/www.ntperitajesmedicos.com\/index.php\/dra-sandra-tudela\/\" \/>\n<meta property=\"og:locale\" content=\"es_ES\" \/>\n<meta property=\"og:type\" content=\"article\" \/>\n<meta property=\"og:title\" content=\"Dra. Sandra Tudela | NT Peritajes M\u00e9dicos\" \/>\n<meta property=\"og:description\" content=\"Dra. Sandra Tudela, la resoluci\u00f3n de conflictos m\u00e9dico-paciente siempre y conocer en profundidad los derechos y obligaciones de ambas partes.\" \/>\n<meta property=\"og:url\" content=\"https:\/\/www.ntperitajesmedicos.com\/index.php\/dra-sandra-tudela\/\" \/>\n<meta property=\"og:site_name\" content=\"NT Peritajes M\u00e9dicos\" \/>\n<meta property=\"article:modified_time\" content=\"2024-05-01T08:29:53+00:00\" \/>\n<meta property=\"og:image\" content=\"https:\/\/www.ntperitajesmedicos.com\/wp-content\/uploads\/2024\/05\/CS-019_Base.jpg\" \/>\n\t<meta property=\"og:image:width\" content=\"850\" \/>\n\t<meta property=\"og:image:height\" content=\"567\" \/>\n\t<meta property=\"og:image:type\" content=\"image\/jpeg\" \/>\n<meta name=\"twitter:card\" content=\"summary_large_image\" \/>\n<meta name=\"twitter:label1\" content=\"Tiempo de lectura\" \/>\n\t<meta name=\"twitter:data1\" content=\"2 minutos\" \/>\n<script type=\"application\/ld+json\" class=\"yoast-schema-graph\">{\"@context\":\"https:\/\/schema.org\",\"@graph\":[{\"@type\":\"WebPage\",\"@id\":\"https:\/\/www.ntperitajesmedicos.com\/index.php\/dra-sandra-tudela\/\",\"url\":\"https:\/\/www.ntperitajesmedicos.com\/index.php\/dra-sandra-tudela\/\",\"name\":\"Dra. Sandra Tudela | NT Peritajes M\u00e9dicos\",\"isPartOf\":{\"@id\":\"https:\/\/www.ntperitajesmedicos.com\/#website\"},\"primaryImageOfPage\":{\"@id\":\"https:\/\/www.ntperitajesmedicos.com\/index.php\/dra-sandra-tudela\/#primaryimage\"},\"image\":{\"@id\":\"https:\/\/www.ntperitajesmedicos.com\/index.php\/dra-sandra-tudela\/#primaryimage\"},\"thumbnailUrl\":\"https:\/\/www.ntperitajesmedicos.com\/wp-content\/uploads\/2024\/05\/CS-019_Base.jpg\",\"datePublished\":\"2024-03-02T09:44:37+00:00\",\"dateModified\":\"2024-05-01T08:29:53+00:00\",\"description\":\"Dra. Sandra Tudela, la resoluci\u00f3n de conflictos m\u00e9dico-paciente siempre y conocer en profundidad los derechos y obligaciones de ambas partes.\",\"breadcrumb\":{\"@id\":\"https:\/\/www.ntperitajesmedicos.com\/index.php\/dra-sandra-tudela\/#breadcrumb\"},\"inLanguage\":\"es\",\"potentialAction\":[{\"@type\":\"ReadAction\",\"target\":[\"https:\/\/www.ntperitajesmedicos.com\/index.php\/dra-sandra-tudela\/\"]}]},{\"@type\":\"ImageObject\",\"inLanguage\":\"es\",\"@id\":\"https:\/\/www.ntperitajesmedicos.com\/index.php\/dra-sandra-tudela\/#primaryimage\",\"url\":\"https:\/\/www.ntperitajesmedicos.com\/wp-content\/uploads\/2024\/05\/CS-019_Base.jpg\",\"contentUrl\":\"https:\/\/www.ntperitajesmedicos.com\/wp-content\/uploads\/2024\/05\/CS-019_Base.jpg\",\"width\":850,\"height\":567},{\"@type\":\"BreadcrumbList\",\"@id\":\"https:\/\/www.ntperitajesmedicos.com\/index.php\/dra-sandra-tudela\/#breadcrumb\",\"itemListElement\":[{\"@type\":\"ListItem\",\"position\":1,\"name\":\"Portada\",\"item\":\"https:\/\/www.ntperitajesmedicos.com\/\"},{\"@type\":\"ListItem\",\"position\":2,\"name\":\"Dra. Sandra Tudela\"}]},{\"@type\":\"WebSite\",\"@id\":\"https:\/\/www.ntperitajesmedicos.com\/#website\",\"url\":\"https:\/\/www.ntperitajesmedicos.com\/\",\"name\":\"NT Peritajes M\u00e9dicos\",\"description\":\"Perito m\u00e9dico por incapacidad o indemnizaci\u00f3n\",\"publisher\":{\"@id\":\"https:\/\/www.ntperitajesmedicos.com\/#organization\"},\"alternateName\":\"NT Peritajes M\u00e9dicos\",\"potentialAction\":[{\"@type\":\"SearchAction\",\"target\":{\"@type\":\"EntryPoint\",\"urlTemplate\":\"https:\/\/www.ntperitajesmedicos.com\/?s={search_term_string}\"},\"query-input\":\"required name=search_term_string\"}],\"inLanguage\":\"es\"},{\"@type\":\"Organization\",\"@id\":\"https:\/\/www.ntperitajesmedicos.com\/#organization\",\"name\":\"Noguera-Tudela | Perito M\u00e9dico\",\"url\":\"https:\/\/www.ntperitajesmedicos.com\/\",\"logo\":{\"@type\":\"ImageObject\",\"inLanguage\":\"es\",\"@id\":\"https:\/\/www.ntperitajesmedicos.com\/#\/schema\/logo\/image\/\",\"url\":\"https:\/\/www.ntperitajesmedicos.com\/wp-content\/uploads\/2024\/02\/Vertical-1.png\",\"contentUrl\":\"https:\/\/www.ntperitajesmedicos.com\/wp-content\/uploads\/2024\/02\/Vertical-1.png\",\"width\":493,\"height\":184,\"caption\":\"Noguera-Tudela | Perito M\u00e9dico\"},\"image\":{\"@id\":\"https:\/\/www.ntperitajesmedicos.com\/#\/schema\/logo\/image\/\"},\"sameAs\":[\"https:\/\/www.instagram.com\/ntperitajesmedicos\/\"]}]}<\/script>\n<!-- \/ Yoast SEO plugin. -->","yoast_head_json":{"title":"Dra. Sandra Tudela | NT Peritajes M\u00e9dicos","description":"Dra. Sandra Tudela, la resoluci\u00f3n de conflictos m\u00e9dico-paciente siempre y conocer en profundidad los derechos y obligaciones de ambas partes.","robots":{"index":"index","follow":"follow","max-snippet":"max-snippet:-1","max-image-preview":"max-image-preview:large","max-video-preview":"max-video-preview:-1"},"canonical":"https:\/\/www.ntperitajesmedicos.com\/index.php\/dra-sandra-tudela\/","og_locale":"es_ES","og_type":"article","og_title":"Dra. Sandra Tudela | NT Peritajes M\u00e9dicos","og_description":"Dra. Sandra Tudela, la resoluci\u00f3n de conflictos m\u00e9dico-paciente siempre y conocer en profundidad los derechos y obligaciones de ambas partes.","og_url":"https:\/\/www.ntperitajesmedicos.com\/index.php\/dra-sandra-tudela\/","og_site_name":"NT Peritajes M\u00e9dicos","article_modified_time":"2024-05-01T08:29:53+00:00","og_image":[{"width":850,"height":567,"url":"https:\/\/www.ntperitajesmedicos.com\/wp-content\/uploads\/2024\/05\/CS-019_Base.jpg","type":"image\/jpeg"}],"twitter_card":"summary_large_image","twitter_misc":{"Tiempo de lectura":"2 minutos"},"schema":{"@context":"https:\/\/schema.org","@graph":[{"@type":"WebPage","@id":"https:\/\/www.ntperitajesmedicos.com\/index.php\/dra-sandra-tudela\/","url":"https:\/\/www.ntperitajesmedicos.com\/index.php\/dra-sandra-tudela\/","name":"Dra. Sandra Tudela | NT Peritajes M\u00e9dicos","isPartOf":{"@id":"https:\/\/www.ntperitajesmedicos.com\/#website"},"primaryImageOfPage":{"@id":"https:\/\/www.ntperitajesmedicos.com\/index.php\/dra-sandra-tudela\/#primaryimage"},"image":{"@id":"https:\/\/www.ntperitajesmedicos.com\/index.php\/dra-sandra-tudela\/#primaryimage"},"thumbnailUrl":"https:\/\/www.ntperitajesmedicos.com\/wp-content\/uploads\/2024\/05\/CS-019_Base.jpg","datePublished":"2024-03-02T09:44:37+00:00","dateModified":"2024-05-01T08:29:53+00:00","description":"Dra. Sandra Tudela, la resoluci\u00f3n de conflictos m\u00e9dico-paciente siempre y conocer en profundidad los derechos y obligaciones de ambas partes.","breadcrumb":{"@id":"https:\/\/www.ntperitajesmedicos.com\/index.php\/dra-sandra-tudela\/#breadcrumb"},"inLanguage":"es","potentialAction":[{"@type":"ReadAction","target":["https:\/\/www.ntperitajesmedicos.com\/index.php\/dra-sandra-tudela\/"]}]},{"@type":"ImageObject","inLanguage":"es","@id":"https:\/\/www.ntperitajesmedicos.com\/index.php\/dra-sandra-tudela\/#primaryimage","url":"https:\/\/www.ntperitajesmedicos.com\/wp-content\/uploads\/2024\/05\/CS-019_Base.jpg","contentUrl":"https:\/\/www.ntperitajesmedicos.com\/wp-content\/uploads\/2024\/05\/CS-019_Base.jpg","width":850,"height":567},{"@type":"BreadcrumbList","@id":"https:\/\/www.ntperitajesmedicos.com\/index.php\/dra-sandra-tudela\/#breadcrumb","itemListElement":[{"@type":"ListItem","position":1,"name":"Portada","item":"https:\/\/www.ntperitajesmedicos.com\/"},{"@type":"ListItem","position":2,"name":"Dra. Sandra Tudela"}]},{"@type":"WebSite","@id":"https:\/\/www.ntperitajesmedicos.com\/#website","url":"https:\/\/www.ntperitajesmedicos.com\/","name":"NT Peritajes M\u00e9dicos","description":"Perito m\u00e9dico por incapacidad o indemnizaci\u00f3n","publisher":{"@id":"https:\/\/www.ntperitajesmedicos.com\/#organization"},"alternateName":"NT Peritajes M\u00e9dicos","potentialAction":[{"@type":"SearchAction","target":{"@type":"EntryPoint","urlTemplate":"https:\/\/www.ntperitajesmedicos.com\/?s={search_term_string}"},"query-input":"required name=search_term_string"}],"inLanguage":"es"},{"@type":"Organization","@id":"https:\/\/www.ntperitajesmedicos.com\/#organization","name":"Noguera-Tudela | Perito M\u00e9dico","url":"https:\/\/www.ntperitajesmedicos.com\/","logo":{"@type":"ImageObject","inLanguage":"es","@id":"https:\/\/www.ntperitajesmedicos.com\/#\/schema\/logo\/image\/","url":"https:\/\/www.ntperitajesmedicos.com\/wp-content\/uploads\/2024\/02\/Vertical-1.png","contentUrl":"https:\/\/www.ntperitajesmedicos.com\/wp-content\/uploads\/2024\/02\/Vertical-1.png","width":493,"height":184,"caption":"Noguera-Tudela | Perito M\u00e9dico"},"image":{"@id":"https:\/\/www.ntperitajesmedicos.com\/#\/schema\/logo\/image\/"},"sameAs":["https:\/\/www.instagram.com\/ntperitajesmedicos\/"]}]}},"_links":{"self":[{"href":"https:\/\/www.ntperitajesmedicos.com\/index.php\/wp-json\/wp\/v2\/pages\/7940","targetHints":{"allow":["GET"]}}],"collection":[{"href":"https:\/\/www.ntperitajesmedicos.com\/index.php\/wp-json\/wp\/v2\/pages"}],"about":[{"href":"https:\/\/www.ntperitajesmedicos.com\/index.php\/wp-json\/wp\/v2\/types\/page"}],"author":[{"embeddable":true,"href":"https:\/\/www.ntperitajesmedicos.com\/index.php\/wp-json\/wp\/v2\/users\/1"}],"replies":[{"embeddable":true,"href":"https:\/\/www.ntperitajesmedicos.com\/index.php\/wp-json\/wp\/v2\/comments?post=7940"}],"version-history":[{"count":14,"href":"https:\/\/www.ntperitajesmedicos.com\/index.php\/wp-json\/wp\/v2\/pages\/7940\/revisions"}],"predecessor-version":[{"id":8558,"href":"https:\/\/www.ntperitajesmedicos.com\/index.php\/wp-json\/wp\/v2\/pages\/7940\/revisions\/8558"}],"wp:featuredmedia":[{"embeddable":true,"href":"https:\/\/www.ntperitajesmedicos.com\/index.php\/wp-json\/wp\/v2\/media\/8635"}],"wp:attachment":[{"href":"https:\/\/www.ntperitajesmedicos.com\/index.php\/wp-json\/wp\/v2\/media?parent=7940"}],"curies":[{"name":"wp","href":"https:\/\/api.w.org\/{rel}","templated":true}]}}