{"id":2559,"date":"2020-12-10T23:38:54","date_gmt":"2020-12-10T23:38:54","guid":{"rendered":"https:\/\/export-demos.qreativethemes.com\/physio\/?page_id=2559"},"modified":"2024-05-01T08:21:33","modified_gmt":"2024-05-01T08:21:33","slug":"dra-cristina-noguera","status":"publish","type":"page","link":"https:\/\/www.ntperitajesmedicos.com\/index.php\/dra-cristina-noguera\/","title":{"rendered":"Dra. Cristina Noguera"},"content":{"rendered":"<div id=\"pl-2559\"  class=\"panel-layout\" ><div id=\"pg-2559-0\"  class=\"panel-grid panel-no-style\" ><div id=\"pgc-2559-0-0\"  class=\"panel-grid-cell\" ><div id=\"panel-2559-0-0-0\" class=\"so-panel widget widget_sow-editor panel-first-child panel-last-child\" data-index=\"0\" ><div\n\t\t\t\n\t\t\tclass=\"so-widget-sow-editor so-widget-sow-editor-base\"\n\t\t\t\n\t\t>\n<div class=\"siteorigin-widget-tinymce textwidget\">\n\t<p><span style=\"font-weight: 400;\">La Dra. Cristina Noguera tiene m\u00e1s de 10 a\u00f1os de experiencia en obstetricia y ginecolog\u00eda. Facultativo en activo de la Sanidad P\u00fablica, especializada en Patolog\u00eda Mamaria. Actualizada en los protocolos y procedimientos que se llevan a cabo de manera diaria en el \u00e1mbito hospitalario, centros de atenci\u00f3n primaria y actividad privada.\u00a0<\/span><\/p>\n<p><span style=\"font-weight: 400;\">Su dedicaci\u00f3n en activo a nivel obst\u00e9trico le permite la valoraci\u00f3n de casos cl\u00ednicos en este \u00e1mbito de manera actualizada, ya que la Dra. Noguera considera que: <\/span><i><span style=\"font-weight: 400;\">\u201cpara poder realizar la evaluaci\u00f3n de un caso cl\u00ednico, se debe comprender tanto la situaci\u00f3n vivida por el m\u00e9dico, como por parte del paciente\u201d.\u00a0<\/span><\/i><\/p>\n<p><span style=\"font-weight: 400;\">El \u00e1mbito m\u00e9dico-legal despert\u00f3 su necesidad de ampliar su formaci\u00f3n en esta direcci\u00f3n, por lo que se especializ\u00f3 como perito m\u00e9dico judicial y valoraci\u00f3n del da\u00f1o corporal. <\/span><span style=\"font-weight: 400;\">Experta en la valoraci\u00f3n de peritajes m\u00e9dicos especializados en ginecolog\u00eda y obstetricia desde hace m\u00e1s de 3 a\u00f1os, con un elevado \u00e9xito en sus valoraciones.\u00a0<\/span><\/p>\n<p><span style=\"font-weight: 400;\">Se define como una persona emp\u00e1tica, por lo que ayudar\u00e1 y acompa\u00f1ar\u00e1 de manera pr\u00f3xima y objetiva a los clientes que requieran su colaboraci\u00f3n. <\/span><\/p>\n<p><span style=\"color: #56afd5; font-size: 15px;\"><strong>Formaci\u00f3n<br \/>\n<\/strong><\/span><br \/>\n<strong><span class=\"icon-wrap\"><i class=\"fa-solid fa-graduation-cap\"><\/i><\/span> <\/strong>Licenciada en Medicina y Cirug\u00eda por la Universidad de Barcelona (UB).<br \/>\n<strong><span class=\"icon-wrap\"><i class=\"fa-solid fa-graduation-cap\"><\/i><\/span> <\/strong>Especialista en Ginecologia i Obstetr\u00edcia. Hospital Universitari Dr. Josep Trueta de Gerona.<br \/>\n<strong><span class=\"icon-wrap\"><i class=\"fa-solid fa-graduation-cap\"><\/i><\/span> <\/strong>M\u00e1ster en Cirug\u00eda Endosc\u00f3pica Ginecol\u00f3gica y P\u00e9lvica. Universidad Cat\u00f3lica de Valencia.<br \/>\n<strong><span class=\"icon-wrap\"><i class=\"fa-solid fa-graduation-cap\"><\/i><\/span> <\/strong>M\u00e1ster oficial en Competencias avanzadas: Oncolog\u00eda Ginecol\u00f3gica. Universidad de Barcelona (UB).<br \/>\n<strong><span class=\"icon-wrap\"><i class=\"fa-solid fa-graduation-cap\"><\/i><\/span> <\/strong>M\u00e1ster en Medicina Evaluadora y Peritaje M\u00e9dico. Universidad de Barcelona (UB).<br \/>\n<strong><span class=\"icon-wrap\"><i class=\"fa-solid fa-graduation-cap\"><\/i><\/span><\/strong> Nivel III de Ecograf\u00eda de la SEGO.<\/p>\n<p><span style=\"color: #56afd5; font-size: 15px;\"><strong>Trayectoria<br \/>\n<\/strong><\/span><br \/>\n<strong><span class=\"icon-wrap\"><i class=\"fas fa-check\"><\/i><\/span> <\/strong>Adjunta del servicio de Ginecolog\u00eda y Obstetricia del Hospital Universitario de Bellvitge (2016-2017).<br \/>\n<strong><span class=\"icon-wrap\"><i class=\"fas fa-check\"><\/i><\/span> <\/strong>Adjunta del servicio de Ginecolog\u00eda y Obstetricia del Hospital Parc Mart\u00ed Juli\u00e0, Salt (Gerona), desde 2017.<span style=\"font-weight: 400;\"><br \/>\n<strong><span class=\"icon-wrap\"><i class=\"fas fa-check\"><\/i><\/span> <\/strong>Adjunta especialista en Patolog\u00eda Mamaria en la Unidad Funcional de Mama del Hospital Santa Caterina (desde 2018 hasta la actualidad).<br \/>\n<strong><span class=\"icon-wrap\"><i class=\"fas fa-check\"><\/i><\/span> <\/strong>Miembro de la Sociedad Espa\u00f1ola de Ginecolog\u00eda y Obstetricia (SEGO) y de la Sociedad Catalana de Ginecolog\u00eda y obstetr\u00edcia (SCGO).<br \/>\n<\/span><\/p>\n<p><span style=\"color: #56afd5;\"><span style=\"font-size: 15px;\"><b>Art\u00edculos<\/b><\/span><\/span><\/p>\n<p><strong><span class=\"icon-wrap\"><i class=\"fas fa-check\"><\/i><\/span> <\/strong>An\u00e1lisis retrospectivo de las Incapacidades Temporales en Ginecolog\u00eda y Obstetricia en Catalu\u00f1a en 2019 en comparaci\u00f3n con datos estatales y del Hospital Parc Mart\u00ed Juli\u00e0 (Salt) en el a\u00f1o 2019. Ver en <a href=\"https:\/\/revistamedicojuridica.com\/blog\/2022\/01\/02\/analisis-retrospectivo-de-las-incapacidades-temporales-en-ginecologia-y-obstetricia-en-cataluna-en-2019-en-comparacion-con-datos-estatales-y-del-hospital-parc-marti-julia-salt-en-el-ano-2019\/\" target=\"_blank\" rel=\"noopener\">Revista M\u00e9dico-Jur\u00eddica<\/a><\/p>\n<\/div>\n<\/div><\/div><\/div><div id=\"pgc-2559-0-1\"  class=\"panel-grid-cell\" ><div id=\"panel-2559-0-1-0\" class=\"so-panel widget widget_media_image panel-first-child panel-last-child\" data-index=\"1\" ><a href=\"https:\/\/export-xml.qreativethemes.com\/physio\/wp-content\/uploads\/sites\/3\/2015\/11\/850x567.png\"><img loading=\"lazy\" decoding=\"async\" width=\"460\" height=\"690\" src=\"https:\/\/www.ntperitajesmedicos.com\/wp-content\/uploads\/2024\/03\/Noguera-Perfil-1-scaled-e1709377115929.jpg\" class=\"image wp-image-7982  attachment-full size-full\" alt=\"Dra. Cristina Noguera\" style=\"max-width: 100%; height: auto;\" \/><\/a><\/div><\/div><\/div><\/div>","protected":false},"excerpt":{"rendered":"<p>La Dra. Cristina Noguera tiene m\u00e1s de 10 a\u00f1os de experiencia en obstetricia y ginecolog\u00eda. Facultativo en activo de la Sanidad P\u00fablica, especializada en Patolog\u00eda Mamaria. Actualizada en los protocolos y procedimientos que se llevan a cabo de manera diaria en el \u00e1mbito hospitalario, centros de atenci\u00f3n primaria y actividad privada.\u00a0 Su dedicaci\u00f3n en activo [&hellip;]<\/p>\n","protected":false},"author":1,"featured_media":8128,"parent":0,"menu_order":0,"comment_status":"closed","ping_status":"closed","template":"","meta":{"_acf_changed":false,"footnotes":""},"class_list":["post-2559","page","type-page","status-publish","has-post-thumbnail","hentry"],"acf":[],"yoast_head":"<!-- This site is optimized with the Yoast SEO plugin v22.3 - https:\/\/yoast.com\/wordpress\/plugins\/seo\/ -->\n<title>Dra. Cristina Noguera | NT Peritajes M\u00e9dicos<\/title>\n<meta name=\"description\" content=\"Dra. Cristina Noguera, experta en la valoraci\u00f3n de peritajes m\u00e9dicos especializados en ginecolog\u00eda y obstetricia con elevado \u00e9xito.\" \/>\n<meta name=\"robots\" content=\"index, follow, max-snippet:-1, max-image-preview:large, max-video-preview:-1\" \/>\n<link rel=\"canonical\" href=\"https:\/\/www.ntperitajesmedicos.com\/index.php\/dra-cristina-noguera\/\" \/>\n<meta property=\"og:locale\" content=\"es_ES\" \/>\n<meta property=\"og:type\" content=\"article\" \/>\n<meta property=\"og:title\" content=\"Dra. Cristina Noguera | NT Peritajes M\u00e9dicos\" \/>\n<meta property=\"og:description\" content=\"Dra. Cristina Noguera, experta en la valoraci\u00f3n de peritajes m\u00e9dicos especializados en ginecolog\u00eda y obstetricia con elevado \u00e9xito.\" \/>\n<meta property=\"og:url\" content=\"https:\/\/www.ntperitajesmedicos.com\/index.php\/dra-cristina-noguera\/\" \/>\n<meta property=\"og:site_name\" content=\"NT Peritajes M\u00e9dicos\" \/>\n<meta property=\"article:modified_time\" content=\"2024-05-01T08:21:33+00:00\" \/>\n<meta property=\"og:image\" content=\"https:\/\/www.ntperitajesmedicos.com\/wp-content\/uploads\/2024\/03\/CS-028_base.jpg\" \/>\n\t<meta property=\"og:image:width\" content=\"850\" \/>\n\t<meta property=\"og:image:height\" content=\"567\" \/>\n\t<meta property=\"og:image:type\" content=\"image\/jpeg\" \/>\n<meta name=\"twitter:card\" content=\"summary_large_image\" \/>\n<meta name=\"twitter:label1\" content=\"Tiempo de lectura\" \/>\n\t<meta name=\"twitter:data1\" content=\"2 minutos\" \/>\n<script type=\"application\/ld+json\" class=\"yoast-schema-graph\">{\"@context\":\"https:\/\/schema.org\",\"@graph\":[{\"@type\":\"WebPage\",\"@id\":\"https:\/\/www.ntperitajesmedicos.com\/index.php\/dra-cristina-noguera\/\",\"url\":\"https:\/\/www.ntperitajesmedicos.com\/index.php\/dra-cristina-noguera\/\",\"name\":\"Dra. Cristina Noguera | NT Peritajes M\u00e9dicos\",\"isPartOf\":{\"@id\":\"https:\/\/www.ntperitajesmedicos.com\/#website\"},\"primaryImageOfPage\":{\"@id\":\"https:\/\/www.ntperitajesmedicos.com\/index.php\/dra-cristina-noguera\/#primaryimage\"},\"image\":{\"@id\":\"https:\/\/www.ntperitajesmedicos.com\/index.php\/dra-cristina-noguera\/#primaryimage\"},\"thumbnailUrl\":\"https:\/\/www.ntperitajesmedicos.com\/wp-content\/uploads\/2024\/03\/CS-028_base.jpg\",\"datePublished\":\"2020-12-10T23:38:54+00:00\",\"dateModified\":\"2024-05-01T08:21:33+00:00\",\"description\":\"Dra. Cristina Noguera, experta en la valoraci\u00f3n de peritajes m\u00e9dicos especializados en ginecolog\u00eda y obstetricia con elevado \u00e9xito.\",\"breadcrumb\":{\"@id\":\"https:\/\/www.ntperitajesmedicos.com\/index.php\/dra-cristina-noguera\/#breadcrumb\"},\"inLanguage\":\"es\",\"potentialAction\":[{\"@type\":\"ReadAction\",\"target\":[\"https:\/\/www.ntperitajesmedicos.com\/index.php\/dra-cristina-noguera\/\"]}]},{\"@type\":\"ImageObject\",\"inLanguage\":\"es\",\"@id\":\"https:\/\/www.ntperitajesmedicos.com\/index.php\/dra-cristina-noguera\/#primaryimage\",\"url\":\"https:\/\/www.ntperitajesmedicos.com\/wp-content\/uploads\/2024\/03\/CS-028_base.jpg\",\"contentUrl\":\"https:\/\/www.ntperitajesmedicos.com\/wp-content\/uploads\/2024\/03\/CS-028_base.jpg\",\"width\":850,\"height\":567},{\"@type\":\"BreadcrumbList\",\"@id\":\"https:\/\/www.ntperitajesmedicos.com\/index.php\/dra-cristina-noguera\/#breadcrumb\",\"itemListElement\":[{\"@type\":\"ListItem\",\"position\":1,\"name\":\"Portada\",\"item\":\"https:\/\/www.ntperitajesmedicos.com\/\"},{\"@type\":\"ListItem\",\"position\":2,\"name\":\"Dra. Cristina Noguera\"}]},{\"@type\":\"WebSite\",\"@id\":\"https:\/\/www.ntperitajesmedicos.com\/#website\",\"url\":\"https:\/\/www.ntperitajesmedicos.com\/\",\"name\":\"NT Peritajes M\u00e9dicos\",\"description\":\"Perito m\u00e9dico por incapacidad o indemnizaci\u00f3n\",\"publisher\":{\"@id\":\"https:\/\/www.ntperitajesmedicos.com\/#organization\"},\"alternateName\":\"NT Peritajes M\u00e9dicos\",\"potentialAction\":[{\"@type\":\"SearchAction\",\"target\":{\"@type\":\"EntryPoint\",\"urlTemplate\":\"https:\/\/www.ntperitajesmedicos.com\/?s={search_term_string}\"},\"query-input\":\"required name=search_term_string\"}],\"inLanguage\":\"es\"},{\"@type\":\"Organization\",\"@id\":\"https:\/\/www.ntperitajesmedicos.com\/#organization\",\"name\":\"Noguera-Tudela | Perito M\u00e9dico\",\"url\":\"https:\/\/www.ntperitajesmedicos.com\/\",\"logo\":{\"@type\":\"ImageObject\",\"inLanguage\":\"es\",\"@id\":\"https:\/\/www.ntperitajesmedicos.com\/#\/schema\/logo\/image\/\",\"url\":\"https:\/\/www.ntperitajesmedicos.com\/wp-content\/uploads\/2024\/02\/Vertical-1.png\",\"contentUrl\":\"https:\/\/www.ntperitajesmedicos.com\/wp-content\/uploads\/2024\/02\/Vertical-1.png\",\"width\":493,\"height\":184,\"caption\":\"Noguera-Tudela | Perito M\u00e9dico\"},\"image\":{\"@id\":\"https:\/\/www.ntperitajesmedicos.com\/#\/schema\/logo\/image\/\"},\"sameAs\":[\"https:\/\/www.instagram.com\/ntperitajesmedicos\/\"]}]}<\/script>\n<!-- \/ Yoast SEO plugin. -->","yoast_head_json":{"title":"Dra. Cristina Noguera | NT Peritajes M\u00e9dicos","description":"Dra. Cristina Noguera, experta en la valoraci\u00f3n de peritajes m\u00e9dicos especializados en ginecolog\u00eda y obstetricia con elevado \u00e9xito.","robots":{"index":"index","follow":"follow","max-snippet":"max-snippet:-1","max-image-preview":"max-image-preview:large","max-video-preview":"max-video-preview:-1"},"canonical":"https:\/\/www.ntperitajesmedicos.com\/index.php\/dra-cristina-noguera\/","og_locale":"es_ES","og_type":"article","og_title":"Dra. Cristina Noguera | NT Peritajes M\u00e9dicos","og_description":"Dra. Cristina Noguera, experta en la valoraci\u00f3n de peritajes m\u00e9dicos especializados en ginecolog\u00eda y obstetricia con elevado \u00e9xito.","og_url":"https:\/\/www.ntperitajesmedicos.com\/index.php\/dra-cristina-noguera\/","og_site_name":"NT Peritajes M\u00e9dicos","article_modified_time":"2024-05-01T08:21:33+00:00","og_image":[{"width":850,"height":567,"url":"https:\/\/www.ntperitajesmedicos.com\/wp-content\/uploads\/2024\/03\/CS-028_base.jpg","type":"image\/jpeg"}],"twitter_card":"summary_large_image","twitter_misc":{"Tiempo de lectura":"2 minutos"},"schema":{"@context":"https:\/\/schema.org","@graph":[{"@type":"WebPage","@id":"https:\/\/www.ntperitajesmedicos.com\/index.php\/dra-cristina-noguera\/","url":"https:\/\/www.ntperitajesmedicos.com\/index.php\/dra-cristina-noguera\/","name":"Dra. Cristina Noguera | NT Peritajes M\u00e9dicos","isPartOf":{"@id":"https:\/\/www.ntperitajesmedicos.com\/#website"},"primaryImageOfPage":{"@id":"https:\/\/www.ntperitajesmedicos.com\/index.php\/dra-cristina-noguera\/#primaryimage"},"image":{"@id":"https:\/\/www.ntperitajesmedicos.com\/index.php\/dra-cristina-noguera\/#primaryimage"},"thumbnailUrl":"https:\/\/www.ntperitajesmedicos.com\/wp-content\/uploads\/2024\/03\/CS-028_base.jpg","datePublished":"2020-12-10T23:38:54+00:00","dateModified":"2024-05-01T08:21:33+00:00","description":"Dra. Cristina Noguera, experta en la valoraci\u00f3n de peritajes m\u00e9dicos especializados en ginecolog\u00eda y obstetricia con elevado \u00e9xito.","breadcrumb":{"@id":"https:\/\/www.ntperitajesmedicos.com\/index.php\/dra-cristina-noguera\/#breadcrumb"},"inLanguage":"es","potentialAction":[{"@type":"ReadAction","target":["https:\/\/www.ntperitajesmedicos.com\/index.php\/dra-cristina-noguera\/"]}]},{"@type":"ImageObject","inLanguage":"es","@id":"https:\/\/www.ntperitajesmedicos.com\/index.php\/dra-cristina-noguera\/#primaryimage","url":"https:\/\/www.ntperitajesmedicos.com\/wp-content\/uploads\/2024\/03\/CS-028_base.jpg","contentUrl":"https:\/\/www.ntperitajesmedicos.com\/wp-content\/uploads\/2024\/03\/CS-028_base.jpg","width":850,"height":567},{"@type":"BreadcrumbList","@id":"https:\/\/www.ntperitajesmedicos.com\/index.php\/dra-cristina-noguera\/#breadcrumb","itemListElement":[{"@type":"ListItem","position":1,"name":"Portada","item":"https:\/\/www.ntperitajesmedicos.com\/"},{"@type":"ListItem","position":2,"name":"Dra. Cristina Noguera"}]},{"@type":"WebSite","@id":"https:\/\/www.ntperitajesmedicos.com\/#website","url":"https:\/\/www.ntperitajesmedicos.com\/","name":"NT Peritajes M\u00e9dicos","description":"Perito m\u00e9dico por incapacidad o indemnizaci\u00f3n","publisher":{"@id":"https:\/\/www.ntperitajesmedicos.com\/#organization"},"alternateName":"NT Peritajes M\u00e9dicos","potentialAction":[{"@type":"SearchAction","target":{"@type":"EntryPoint","urlTemplate":"https:\/\/www.ntperitajesmedicos.com\/?s={search_term_string}"},"query-input":"required name=search_term_string"}],"inLanguage":"es"},{"@type":"Organization","@id":"https:\/\/www.ntperitajesmedicos.com\/#organization","name":"Noguera-Tudela | Perito M\u00e9dico","url":"https:\/\/www.ntperitajesmedicos.com\/","logo":{"@type":"ImageObject","inLanguage":"es","@id":"https:\/\/www.ntperitajesmedicos.com\/#\/schema\/logo\/image\/","url":"https:\/\/www.ntperitajesmedicos.com\/wp-content\/uploads\/2024\/02\/Vertical-1.png","contentUrl":"https:\/\/www.ntperitajesmedicos.com\/wp-content\/uploads\/2024\/02\/Vertical-1.png","width":493,"height":184,"caption":"Noguera-Tudela | Perito M\u00e9dico"},"image":{"@id":"https:\/\/www.ntperitajesmedicos.com\/#\/schema\/logo\/image\/"},"sameAs":["https:\/\/www.instagram.com\/ntperitajesmedicos\/"]}]}},"_links":{"self":[{"href":"https:\/\/www.ntperitajesmedicos.com\/index.php\/wp-json\/wp\/v2\/pages\/2559","targetHints":{"allow":["GET"]}}],"collection":[{"href":"https:\/\/www.ntperitajesmedicos.com\/index.php\/wp-json\/wp\/v2\/pages"}],"about":[{"href":"https:\/\/www.ntperitajesmedicos.com\/index.php\/wp-json\/wp\/v2\/types\/page"}],"author":[{"embeddable":true,"href":"https:\/\/www.ntperitajesmedicos.com\/index.php\/wp-json\/wp\/v2\/users\/1"}],"replies":[{"embeddable":true,"href":"https:\/\/www.ntperitajesmedicos.com\/index.php\/wp-json\/wp\/v2\/comments?post=2559"}],"version-history":[{"count":23,"href":"https:\/\/www.ntperitajesmedicos.com\/index.php\/wp-json\/wp\/v2\/pages\/2559\/revisions"}],"predecessor-version":[{"id":8559,"href":"https:\/\/www.ntperitajesmedicos.com\/index.php\/wp-json\/wp\/v2\/pages\/2559\/revisions\/8559"}],"wp:featuredmedia":[{"embeddable":true,"href":"https:\/\/www.ntperitajesmedicos.com\/index.php\/wp-json\/wp\/v2\/media\/8128"}],"wp:attachment":[{"href":"https:\/\/www.ntperitajesmedicos.com\/index.php\/wp-json\/wp\/v2\/media?parent=2559"}],"curies":[{"name":"wp","href":"https:\/\/api.w.org\/{rel}","templated":true}]}}