{"id":2392,"date":"2020-12-07T22:24:52","date_gmt":"2020-12-07T22:24:52","guid":{"rendered":"https:\/\/export-demos.qreativethemes.com\/physio\/?page_id=2392"},"modified":"2024-04-06T09:00:25","modified_gmt":"2024-04-06T09:00:25","slug":"oportunidades-de-colaboracion","status":"publish","type":"page","link":"https:\/\/www.ntperitajesmedicos.com\/index.php\/oportunidades-de-colaboracion\/","title":{"rendered":"Oportunidades"},"content":{"rendered":"<div id=\"pl-2392\"  class=\"panel-layout\" ><div id=\"pg-2392-0\"  class=\"panel-grid panel-no-style\" ><div id=\"pgc-2392-0-0\"  class=\"panel-grid-cell\" ><div id=\"panel-2392-0-0-0\" class=\"so-panel widget widget_sow-editor panel-first-child panel-last-child\" data-index=\"0\" ><div\n\t\t\t\n\t\t\tclass=\"so-widget-sow-editor so-widget-sow-editor-base\"\n\t\t\t\n\t\t>\n<div class=\"siteorigin-widget-tinymce textwidget\">\n\t<p><span style=\"font-weight: 400;\">Trabajamos con abogados de alto prestigio en Catalu\u00f1a y en toda Espa\u00f1a. <\/span><span style=\"font-weight: 400;\">Tambi\u00e9n en Andorra, as\u00ed que podemos nuestras valoraciones a nivel de la legislaci\u00f3n del principado.<\/span><\/p>\n<hr \/>\n<p>Si eres perito m\u00e9dico y quieres colaborar, <a href=\"http:\/\/www.ntperitajesmedicos.com\/index.php\/contactar\/\">ponte en contacto<\/a> para conocernos.<\/p>\n<\/div>\n<\/div><\/div><\/div><div id=\"pgc-2392-0-1\"  class=\"panel-grid-cell\" ><div id=\"panel-2392-0-1-0\" class=\"so-panel widget widget_media_image panel-first-child panel-last-child\" data-index=\"1\" ><img loading=\"lazy\" decoding=\"async\" width=\"850\" height=\"669\" src=\"https:\/\/www.ntperitajesmedicos.com\/wp-content\/uploads\/2024\/03\/CS-242_base.jpg\" class=\"image wp-image-8169  attachment-full size-full\" alt=\"Oportunidades de Colaboraci\u00f3n\" style=\"max-width: 100%; height: auto;\" srcset=\"https:\/\/www.ntperitajesmedicos.com\/wp-content\/uploads\/2024\/03\/CS-242_base.jpg 850w, https:\/\/www.ntperitajesmedicos.com\/wp-content\/uploads\/2024\/03\/CS-242_base-300x236.jpg 300w, https:\/\/www.ntperitajesmedicos.com\/wp-content\/uploads\/2024\/03\/CS-242_base-768x604.jpg 768w\" sizes=\"auto, (max-width: 850px) 100vw, 850px\" \/><\/div><\/div><\/div><\/div>","protected":false},"excerpt":{"rendered":"<p>Trabajamos con abogados de alto prestigio en Catalu\u00f1a y en toda Espa\u00f1a. Tambi\u00e9n en Andorra, as\u00ed que podemos nuestras valoraciones a nivel de la legislaci\u00f3n del principado. Si eres perito m\u00e9dico y quieres colaborar, ponte en contacto para conocernos.<\/p>\n","protected":false},"author":1,"featured_media":0,"parent":0,"menu_order":0,"comment_status":"closed","ping_status":"closed","template":"","meta":{"_acf_changed":false,"footnotes":""},"class_list":["post-2392","page","type-page","status-publish","hentry"],"acf":[],"yoast_head":"<!-- This site is optimized with the Yoast SEO plugin v22.3 - https:\/\/yoast.com\/wordpress\/plugins\/seo\/ -->\n<title>Oportunidades | NT Peritajes M\u00e9dicos<\/title>\n<meta name=\"description\" content=\"Si eres perito m\u00e9dico y quieres saber las oportunidades de colaboraci\u00f3n, ponte en contacto para conocernos.\" \/>\n<meta name=\"robots\" content=\"index, follow, max-snippet:-1, max-image-preview:large, max-video-preview:-1\" \/>\n<link rel=\"canonical\" href=\"https:\/\/www.ntperitajesmedicos.com\/index.php\/oportunidades-de-colaboracion\/\" \/>\n<meta property=\"og:locale\" content=\"es_ES\" \/>\n<meta property=\"og:type\" content=\"article\" \/>\n<meta property=\"og:title\" content=\"Oportunidades | NT Peritajes M\u00e9dicos\" \/>\n<meta property=\"og:description\" content=\"Si eres perito m\u00e9dico y quieres saber las oportunidades de colaboraci\u00f3n, ponte en contacto para conocernos.\" \/>\n<meta property=\"og:url\" content=\"https:\/\/www.ntperitajesmedicos.com\/index.php\/oportunidades-de-colaboracion\/\" \/>\n<meta property=\"og:site_name\" content=\"NT Peritajes M\u00e9dicos\" \/>\n<meta property=\"article:modified_time\" content=\"2024-04-06T09:00:25+00:00\" \/>\n<meta name=\"twitter:card\" content=\"summary_large_image\" \/>\n<meta name=\"twitter:label1\" content=\"Tiempo de lectura\" \/>\n\t<meta name=\"twitter:data1\" content=\"1 minuto\" \/>\n<script type=\"application\/ld+json\" class=\"yoast-schema-graph\">{\"@context\":\"https:\/\/schema.org\",\"@graph\":[{\"@type\":\"WebPage\",\"@id\":\"https:\/\/www.ntperitajesmedicos.com\/index.php\/oportunidades-de-colaboracion\/\",\"url\":\"https:\/\/www.ntperitajesmedicos.com\/index.php\/oportunidades-de-colaboracion\/\",\"name\":\"Oportunidades | NT Peritajes M\u00e9dicos\",\"isPartOf\":{\"@id\":\"https:\/\/www.ntperitajesmedicos.com\/#website\"},\"datePublished\":\"2020-12-07T22:24:52+00:00\",\"dateModified\":\"2024-04-06T09:00:25+00:00\",\"description\":\"Si eres perito m\u00e9dico y quieres saber las oportunidades de colaboraci\u00f3n, ponte en contacto para conocernos.\",\"breadcrumb\":{\"@id\":\"https:\/\/www.ntperitajesmedicos.com\/index.php\/oportunidades-de-colaboracion\/#breadcrumb\"},\"inLanguage\":\"es\",\"potentialAction\":[{\"@type\":\"ReadAction\",\"target\":[\"https:\/\/www.ntperitajesmedicos.com\/index.php\/oportunidades-de-colaboracion\/\"]}]},{\"@type\":\"BreadcrumbList\",\"@id\":\"https:\/\/www.ntperitajesmedicos.com\/index.php\/oportunidades-de-colaboracion\/#breadcrumb\",\"itemListElement\":[{\"@type\":\"ListItem\",\"position\":1,\"name\":\"Portada\",\"item\":\"https:\/\/www.ntperitajesmedicos.com\/\"},{\"@type\":\"ListItem\",\"position\":2,\"name\":\"Oportunidades\"}]},{\"@type\":\"WebSite\",\"@id\":\"https:\/\/www.ntperitajesmedicos.com\/#website\",\"url\":\"https:\/\/www.ntperitajesmedicos.com\/\",\"name\":\"NT Peritajes M\u00e9dicos\",\"description\":\"Perito m\u00e9dico por incapacidad o indemnizaci\u00f3n\",\"publisher\":{\"@id\":\"https:\/\/www.ntperitajesmedicos.com\/#organization\"},\"alternateName\":\"NT Peritajes M\u00e9dicos\",\"potentialAction\":[{\"@type\":\"SearchAction\",\"target\":{\"@type\":\"EntryPoint\",\"urlTemplate\":\"https:\/\/www.ntperitajesmedicos.com\/?s={search_term_string}\"},\"query-input\":\"required name=search_term_string\"}],\"inLanguage\":\"es\"},{\"@type\":\"Organization\",\"@id\":\"https:\/\/www.ntperitajesmedicos.com\/#organization\",\"name\":\"Noguera-Tudela | Perito M\u00e9dico\",\"url\":\"https:\/\/www.ntperitajesmedicos.com\/\",\"logo\":{\"@type\":\"ImageObject\",\"inLanguage\":\"es\",\"@id\":\"https:\/\/www.ntperitajesmedicos.com\/#\/schema\/logo\/image\/\",\"url\":\"https:\/\/www.ntperitajesmedicos.com\/wp-content\/uploads\/2024\/02\/Vertical-1.png\",\"contentUrl\":\"https:\/\/www.ntperitajesmedicos.com\/wp-content\/uploads\/2024\/02\/Vertical-1.png\",\"width\":493,\"height\":184,\"caption\":\"Noguera-Tudela | Perito M\u00e9dico\"},\"image\":{\"@id\":\"https:\/\/www.ntperitajesmedicos.com\/#\/schema\/logo\/image\/\"},\"sameAs\":[\"https:\/\/www.instagram.com\/ntperitajesmedicos\/\"]}]}<\/script>\n<!-- \/ Yoast SEO plugin. -->","yoast_head_json":{"title":"Oportunidades | NT Peritajes M\u00e9dicos","description":"Si eres perito m\u00e9dico y quieres saber las oportunidades de colaboraci\u00f3n, ponte en contacto para conocernos.","robots":{"index":"index","follow":"follow","max-snippet":"max-snippet:-1","max-image-preview":"max-image-preview:large","max-video-preview":"max-video-preview:-1"},"canonical":"https:\/\/www.ntperitajesmedicos.com\/index.php\/oportunidades-de-colaboracion\/","og_locale":"es_ES","og_type":"article","og_title":"Oportunidades | NT Peritajes M\u00e9dicos","og_description":"Si eres perito m\u00e9dico y quieres saber las oportunidades de colaboraci\u00f3n, ponte en contacto para conocernos.","og_url":"https:\/\/www.ntperitajesmedicos.com\/index.php\/oportunidades-de-colaboracion\/","og_site_name":"NT Peritajes M\u00e9dicos","article_modified_time":"2024-04-06T09:00:25+00:00","twitter_card":"summary_large_image","twitter_misc":{"Tiempo de lectura":"1 minuto"},"schema":{"@context":"https:\/\/schema.org","@graph":[{"@type":"WebPage","@id":"https:\/\/www.ntperitajesmedicos.com\/index.php\/oportunidades-de-colaboracion\/","url":"https:\/\/www.ntperitajesmedicos.com\/index.php\/oportunidades-de-colaboracion\/","name":"Oportunidades | NT Peritajes M\u00e9dicos","isPartOf":{"@id":"https:\/\/www.ntperitajesmedicos.com\/#website"},"datePublished":"2020-12-07T22:24:52+00:00","dateModified":"2024-04-06T09:00:25+00:00","description":"Si eres perito m\u00e9dico y quieres saber las oportunidades de colaboraci\u00f3n, ponte en contacto para conocernos.","breadcrumb":{"@id":"https:\/\/www.ntperitajesmedicos.com\/index.php\/oportunidades-de-colaboracion\/#breadcrumb"},"inLanguage":"es","potentialAction":[{"@type":"ReadAction","target":["https:\/\/www.ntperitajesmedicos.com\/index.php\/oportunidades-de-colaboracion\/"]}]},{"@type":"BreadcrumbList","@id":"https:\/\/www.ntperitajesmedicos.com\/index.php\/oportunidades-de-colaboracion\/#breadcrumb","itemListElement":[{"@type":"ListItem","position":1,"name":"Portada","item":"https:\/\/www.ntperitajesmedicos.com\/"},{"@type":"ListItem","position":2,"name":"Oportunidades"}]},{"@type":"WebSite","@id":"https:\/\/www.ntperitajesmedicos.com\/#website","url":"https:\/\/www.ntperitajesmedicos.com\/","name":"NT Peritajes M\u00e9dicos","description":"Perito m\u00e9dico por incapacidad o indemnizaci\u00f3n","publisher":{"@id":"https:\/\/www.ntperitajesmedicos.com\/#organization"},"alternateName":"NT Peritajes M\u00e9dicos","potentialAction":[{"@type":"SearchAction","target":{"@type":"EntryPoint","urlTemplate":"https:\/\/www.ntperitajesmedicos.com\/?s={search_term_string}"},"query-input":"required name=search_term_string"}],"inLanguage":"es"},{"@type":"Organization","@id":"https:\/\/www.ntperitajesmedicos.com\/#organization","name":"Noguera-Tudela | Perito M\u00e9dico","url":"https:\/\/www.ntperitajesmedicos.com\/","logo":{"@type":"ImageObject","inLanguage":"es","@id":"https:\/\/www.ntperitajesmedicos.com\/#\/schema\/logo\/image\/","url":"https:\/\/www.ntperitajesmedicos.com\/wp-content\/uploads\/2024\/02\/Vertical-1.png","contentUrl":"https:\/\/www.ntperitajesmedicos.com\/wp-content\/uploads\/2024\/02\/Vertical-1.png","width":493,"height":184,"caption":"Noguera-Tudela | Perito M\u00e9dico"},"image":{"@id":"https:\/\/www.ntperitajesmedicos.com\/#\/schema\/logo\/image\/"},"sameAs":["https:\/\/www.instagram.com\/ntperitajesmedicos\/"]}]}},"_links":{"self":[{"href":"https:\/\/www.ntperitajesmedicos.com\/index.php\/wp-json\/wp\/v2\/pages\/2392","targetHints":{"allow":["GET"]}}],"collection":[{"href":"https:\/\/www.ntperitajesmedicos.com\/index.php\/wp-json\/wp\/v2\/pages"}],"about":[{"href":"https:\/\/www.ntperitajesmedicos.com\/index.php\/wp-json\/wp\/v2\/types\/page"}],"author":[{"embeddable":true,"href":"https:\/\/www.ntperitajesmedicos.com\/index.php\/wp-json\/wp\/v2\/users\/1"}],"replies":[{"embeddable":true,"href":"https:\/\/www.ntperitajesmedicos.com\/index.php\/wp-json\/wp\/v2\/comments?post=2392"}],"version-history":[{"count":8,"href":"https:\/\/www.ntperitajesmedicos.com\/index.php\/wp-json\/wp\/v2\/pages\/2392\/revisions"}],"predecessor-version":[{"id":8561,"href":"https:\/\/www.ntperitajesmedicos.com\/index.php\/wp-json\/wp\/v2\/pages\/2392\/revisions\/8561"}],"wp:attachment":[{"href":"https:\/\/www.ntperitajesmedicos.com\/index.php\/wp-json\/wp\/v2\/media?parent=2392"}],"curies":[{"name":"wp","href":"https:\/\/api.w.org\/{rel}","templated":true}]}}