{"id":117,"date":"2020-11-27T18:00:51","date_gmt":"2020-11-27T18:00:51","guid":{"rendered":"https:\/\/export-demos.qreativethemes.com\/physio\/?page_id=117"},"modified":"2024-04-05T14:33:09","modified_gmt":"2024-04-05T14:33:09","slug":"contactar","status":"publish","type":"page","link":"https:\/\/www.ntperitajesmedicos.com\/index.php\/contactar\/","title":{"rendered":"Contactar"},"content":{"rendered":"<div id=\"pl-117\"  class=\"panel-layout\" ><div id=\"pg-117-0\"  class=\"panel-grid panel-no-style\" ><div id=\"pgc-117-0-0\"  class=\"panel-grid-cell\" ><div id=\"panel-117-0-0-0\" class=\"so-panel widget widget_sow-editor panel-first-child\" data-index=\"0\" ><div class=\"featured-box panel-widget-style panel-widget-style-for-117-0-0-0\" ><div\n\t\t\t\n\t\t\tclass=\"so-widget-sow-editor so-widget-sow-editor-base\"\n\t\t\t\n\t\t>\n<div class=\"siteorigin-widget-tinymce textwidget\">\n\t<p><strong>N\u00famero de Tel\u00e9fono<br \/>\n<\/strong>+34 722 11 34 52<\/p>\n<hr \/>\n<p><strong>Correo Electr\u00f3nico<br \/>\n<\/strong>info@ntperitajesmedicos.com<\/p>\n<hr \/>\n<p><strong>Redes Sociales<\/strong><br \/>\n<span style=\"font-size: 24px;\"><a class=\"icon-wrap\" href=\"https:\/\/www.instagram.com\/ntperitajesmedicos\" target=\"_blank\"><i class=\"fab fa-instagram\"><\/i><\/a>\u00a0 <a class=\"icon-wrap\" href=\"https:\/\/wa.me\/34722113452\/?text=Hola%2C%20Deseo%20informarme%20sobre%20peritaje%20m%C3%A9dico...\" target=\"_blank\"><i class=\"fab fa-whatsapp\"><\/i><\/a><\/span><\/p>\n<\/div>\n<\/div><\/div><\/div><div id=\"panel-117-0-0-1\" class=\"so-panel widget widget_media_image panel-last-child\" data-index=\"1\" ><img loading=\"lazy\" decoding=\"async\" width=\"567\" height=\"850\" src=\"https:\/\/www.ntperitajesmedicos.com\/wp-content\/uploads\/2024\/03\/Contactar_Base2.jpg\" class=\"image wp-image-8394  attachment-full size-full\" alt=\"\" style=\"max-width: 100%; height: auto;\" srcset=\"https:\/\/www.ntperitajesmedicos.com\/wp-content\/uploads\/2024\/03\/Contactar_Base2.jpg 567w, https:\/\/www.ntperitajesmedicos.com\/wp-content\/uploads\/2024\/03\/Contactar_Base2-200x300.jpg 200w\" sizes=\"auto, (max-width: 567px) 100vw, 567px\" \/><\/div><\/div><div id=\"pgc-117-0-1\"  class=\"panel-grid-cell\" ><div id=\"panel-117-0-1-0\" class=\"so-panel widget widget_sow-editor panel-first-child\" data-index=\"2\" ><div class=\"smaller-widget-title panel-widget-style panel-widget-style-for-117-0-1-0\" ><div\n\t\t\t\n\t\t\tclass=\"so-widget-sow-editor so-widget-sow-editor-base\"\n\t\t\t\n\t\t><h3 class=\"widget-title\">Env\u00edanos un Mensaje<\/h3>\n<div class=\"siteorigin-widget-tinymce textwidget\">\n\t<p>Si tienes cualquier duda sobre peritaje m\u00e9dico o crees que tus derechos no son respetados, cu\u00e9ntanos tu caso y nos pondremos en contacto contigo para valorarlo.<\/p>\n<hr \/>\n<p>&nbsp;<\/p>\n<\/div>\n<\/div><\/div><\/div><div id=\"panel-117-0-1-1\" class=\"so-panel widget widget_sow-editor panel-last-child\" data-index=\"3\" ><div class=\"panel-widget-style panel-widget-style-for-117-0-1-1\" ><div\n\t\t\t\n\t\t\tclass=\"so-widget-sow-editor so-widget-sow-editor-base\"\n\t\t\t\n\t\t>\n<div class=\"siteorigin-widget-tinymce textwidget\">\n\t\n<div class=\"wpcf7 no-js\" id=\"wpcf7-f7485-o1\" lang=\"en-US\" dir=\"ltr\">\n<div class=\"screen-reader-response\"><p role=\"status\" aria-live=\"polite\" aria-atomic=\"true\"><\/p> <ul><\/ul><\/div>\n<form action=\"\/index.php\/wp-json\/wp\/v2\/pages\/117#wpcf7-f7485-o1\" method=\"post\" class=\"wpcf7-form init\" aria-label=\"Contact form\" novalidate=\"novalidate\" data-status=\"init\">\n<div style=\"display: none;\">\n<input type=\"hidden\" name=\"_wpcf7\" value=\"7485\" \/>\n<input type=\"hidden\" name=\"_wpcf7_version\" value=\"5.9.3\" \/>\n<input type=\"hidden\" name=\"_wpcf7_locale\" value=\"en_US\" \/>\n<input type=\"hidden\" name=\"_wpcf7_unit_tag\" value=\"wpcf7-f7485-o1\" \/>\n<input type=\"hidden\" name=\"_wpcf7_container_post\" value=\"0\" \/>\n<input type=\"hidden\" name=\"_wpcf7_posted_data_hash\" value=\"\" \/>\n<\/div>\n<div class=\"white-featured-box\">\n\t<div class=\"row novalidate\">\n\t\t<div class=\"col-xs-12 col-md-6\">\n\t\t\t<p><span>Nombre *<\/span><span class=\"wpcf7-form-control-wrap\" data-name=\"your-name\"><input size=\"40\" class=\"wpcf7-form-control wpcf7-text wpcf7-validates-as-required\" aria-required=\"true\" aria-invalid=\"false\" placeholder=\"Nombre y Apellidos\" value=\"\" type=\"text\" name=\"your-name\" \/><\/span><span>Correo Electr\u00f3nico *<\/span><span class=\"wpcf7-form-control-wrap\" data-name=\"your-email\"><input size=\"40\" class=\"wpcf7-form-control wpcf7-email wpcf7-validates-as-required wpcf7-text wpcf7-validates-as-email\" aria-required=\"true\" aria-invalid=\"false\" placeholder=\"E-Mail\" value=\"\" type=\"email\" name=\"your-email\" \/><\/span><span>N\u00famero de Tel\u00e9fono *<\/span><span class=\"wpcf7-form-control-wrap\" data-name=\"your-phone\"><input size=\"40\" class=\"wpcf7-form-control wpcf7-tel wpcf7-validates-as-required wpcf7-text wpcf7-validates-as-tel\" aria-required=\"true\" aria-invalid=\"false\" placeholder=\"M\u00f3vil o Fijo\" value=\"\" type=\"tel\" name=\"your-phone\" \/><\/span><span class=\"wpcf7-form-control-wrap\" data-name=\"aceptar-privacidad\"><span class=\"wpcf7-form-control wpcf7-acceptance\"><span class=\"wpcf7-list-item\"><label><input type=\"checkbox\" name=\"aceptar-privacidad\" value=\"1\" aria-invalid=\"false\" \/><span class=\"wpcf7-list-item-label\">Acepto la <a href=\"https:\/\/www.ntperitajesmedicos.com\/index.php\/politica-de-privacidad\/\" target=\"blank\">Pol\u00edtica de Privacidad<\/a><\/span><\/label><\/span><\/span><\/span>\n\t\t\t<\/p>\n\t\t<\/div>\n\t\t<div class=\"col-xs-12 col-md-6\">\n\t\t\t<p><span>Tema *<\/span><span class=\"wpcf7-form-control-wrap\" data-name=\"your-subject\"><input size=\"40\" class=\"wpcf7-form-control wpcf7-text wpcf7-validates-as-required\" aria-required=\"true\" aria-invalid=\"false\" placeholder=\"Descripci\u00f3n Corta\" value=\"\" type=\"text\" name=\"your-subject\" \/><\/span><span>Mensaje *<\/span><span class=\"wpcf7-form-control-wrap\" data-name=\"your-message\"><textarea cols=\"40\" rows=\"10\" class=\"wpcf7-form-control wpcf7-textarea\" aria-invalid=\"false\" placeholder=\"Expl\u00edcanos tu caso.\" name=\"your-message\"><\/textarea><\/span><input class=\"wpcf7-form-control wpcf7-submit has-spinner btn btn-primary\" type=\"submit\" value=\"Enviar Mensaje\" \/><input type=\"reset\" class=\"btn btn-outline\" value=\"Restablecer\" \/>\n\t\t\t<\/p>\n\t\t<\/div>\n\t<\/div>\n<\/div><div class=\"wpcf7-response-output\" aria-hidden=\"true\"><\/div>\n<\/form>\n<\/div>\n\n<\/div>\n<\/div><\/div><\/div><\/div><\/div><\/div>","protected":false},"excerpt":{"rendered":"<p>N\u00famero de Tel\u00e9fono +34 722 11 34 52 Correo Electr\u00f3nico info@ntperitajesmedicos.com Redes Sociales \u00a0 Si tienes cualquier duda sobre peritaje m\u00e9dico o crees que tus derechos no son respetados, cu\u00e9ntanos tu caso y nos pondremos en contacto contigo para valorarlo. &nbsp;<\/p>\n","protected":false},"author":1,"featured_media":0,"parent":0,"menu_order":0,"comment_status":"closed","ping_status":"closed","template":"","meta":{"_acf_changed":false,"footnotes":""},"class_list":["post-117","page","type-page","status-publish","hentry"],"acf":[],"yoast_head":"<!-- This site is optimized with the Yoast SEO plugin v22.3 - https:\/\/yoast.com\/wordpress\/plugins\/seo\/ -->\n<title>Contactar | NT Peritajes M\u00e9dicos<\/title>\n<meta name=\"description\" content=\"No dudes en contactar para informaci\u00f3n de peritos civiles, penales, indemnizaciones, prestaci\u00f3n y baja por riesgo de embarazo.\" \/>\n<meta name=\"robots\" content=\"index, follow, max-snippet:-1, max-image-preview:large, max-video-preview:-1\" \/>\n<link rel=\"canonical\" href=\"https:\/\/www.ntperitajesmedicos.com\/index.php\/contactar\/\" \/>\n<meta property=\"og:locale\" content=\"es_ES\" \/>\n<meta property=\"og:type\" content=\"article\" \/>\n<meta property=\"og:title\" content=\"Contactar | NT Peritajes M\u00e9dicos\" \/>\n<meta property=\"og:description\" content=\"No dudes en contactar para informaci\u00f3n de peritos civiles, penales, indemnizaciones, prestaci\u00f3n y baja por riesgo de embarazo.\" \/>\n<meta property=\"og:url\" content=\"https:\/\/www.ntperitajesmedicos.com\/index.php\/contactar\/\" \/>\n<meta property=\"og:site_name\" content=\"NT Peritajes M\u00e9dicos\" \/>\n<meta property=\"article:modified_time\" content=\"2024-04-05T14:33:09+00:00\" \/>\n<meta name=\"twitter:card\" content=\"summary_large_image\" \/>\n<meta name=\"twitter:label1\" content=\"Tiempo de lectura\" \/>\n\t<meta name=\"twitter:data1\" content=\"1 minuto\" \/>\n<script type=\"application\/ld+json\" class=\"yoast-schema-graph\">{\"@context\":\"https:\/\/schema.org\",\"@graph\":[{\"@type\":\"WebPage\",\"@id\":\"https:\/\/www.ntperitajesmedicos.com\/index.php\/contactar\/\",\"url\":\"https:\/\/www.ntperitajesmedicos.com\/index.php\/contactar\/\",\"name\":\"Contactar | NT Peritajes M\u00e9dicos\",\"isPartOf\":{\"@id\":\"https:\/\/www.ntperitajesmedicos.com\/#website\"},\"datePublished\":\"2020-11-27T18:00:51+00:00\",\"dateModified\":\"2024-04-05T14:33:09+00:00\",\"description\":\"No dudes en contactar para informaci\u00f3n de peritos civiles, penales, indemnizaciones, prestaci\u00f3n y baja por riesgo de embarazo.\",\"breadcrumb\":{\"@id\":\"https:\/\/www.ntperitajesmedicos.com\/index.php\/contactar\/#breadcrumb\"},\"inLanguage\":\"es\",\"potentialAction\":[{\"@type\":\"ReadAction\",\"target\":[\"https:\/\/www.ntperitajesmedicos.com\/index.php\/contactar\/\"]}]},{\"@type\":\"BreadcrumbList\",\"@id\":\"https:\/\/www.ntperitajesmedicos.com\/index.php\/contactar\/#breadcrumb\",\"itemListElement\":[{\"@type\":\"ListItem\",\"position\":1,\"name\":\"Portada\",\"item\":\"https:\/\/www.ntperitajesmedicos.com\/\"},{\"@type\":\"ListItem\",\"position\":2,\"name\":\"Contactar\"}]},{\"@type\":\"WebSite\",\"@id\":\"https:\/\/www.ntperitajesmedicos.com\/#website\",\"url\":\"https:\/\/www.ntperitajesmedicos.com\/\",\"name\":\"NT Peritajes M\u00e9dicos\",\"description\":\"Perito m\u00e9dico por incapacidad o indemnizaci\u00f3n\",\"publisher\":{\"@id\":\"https:\/\/www.ntperitajesmedicos.com\/#organization\"},\"alternateName\":\"NT Peritajes M\u00e9dicos\",\"potentialAction\":[{\"@type\":\"SearchAction\",\"target\":{\"@type\":\"EntryPoint\",\"urlTemplate\":\"https:\/\/www.ntperitajesmedicos.com\/?s={search_term_string}\"},\"query-input\":\"required name=search_term_string\"}],\"inLanguage\":\"es\"},{\"@type\":\"Organization\",\"@id\":\"https:\/\/www.ntperitajesmedicos.com\/#organization\",\"name\":\"Noguera-Tudela | Perito M\u00e9dico\",\"url\":\"https:\/\/www.ntperitajesmedicos.com\/\",\"logo\":{\"@type\":\"ImageObject\",\"inLanguage\":\"es\",\"@id\":\"https:\/\/www.ntperitajesmedicos.com\/#\/schema\/logo\/image\/\",\"url\":\"https:\/\/www.ntperitajesmedicos.com\/wp-content\/uploads\/2024\/02\/Vertical-1.png\",\"contentUrl\":\"https:\/\/www.ntperitajesmedicos.com\/wp-content\/uploads\/2024\/02\/Vertical-1.png\",\"width\":493,\"height\":184,\"caption\":\"Noguera-Tudela | Perito M\u00e9dico\"},\"image\":{\"@id\":\"https:\/\/www.ntperitajesmedicos.com\/#\/schema\/logo\/image\/\"},\"sameAs\":[\"https:\/\/www.instagram.com\/ntperitajesmedicos\/\"]}]}<\/script>\n<!-- \/ Yoast SEO plugin. -->","yoast_head_json":{"title":"Contactar | NT Peritajes M\u00e9dicos","description":"No dudes en contactar para informaci\u00f3n de peritos civiles, penales, indemnizaciones, prestaci\u00f3n y baja por riesgo de embarazo.","robots":{"index":"index","follow":"follow","max-snippet":"max-snippet:-1","max-image-preview":"max-image-preview:large","max-video-preview":"max-video-preview:-1"},"canonical":"https:\/\/www.ntperitajesmedicos.com\/index.php\/contactar\/","og_locale":"es_ES","og_type":"article","og_title":"Contactar | NT Peritajes M\u00e9dicos","og_description":"No dudes en contactar para informaci\u00f3n de peritos civiles, penales, indemnizaciones, prestaci\u00f3n y baja por riesgo de embarazo.","og_url":"https:\/\/www.ntperitajesmedicos.com\/index.php\/contactar\/","og_site_name":"NT Peritajes M\u00e9dicos","article_modified_time":"2024-04-05T14:33:09+00:00","twitter_card":"summary_large_image","twitter_misc":{"Tiempo de lectura":"1 minuto"},"schema":{"@context":"https:\/\/schema.org","@graph":[{"@type":"WebPage","@id":"https:\/\/www.ntperitajesmedicos.com\/index.php\/contactar\/","url":"https:\/\/www.ntperitajesmedicos.com\/index.php\/contactar\/","name":"Contactar | NT Peritajes M\u00e9dicos","isPartOf":{"@id":"https:\/\/www.ntperitajesmedicos.com\/#website"},"datePublished":"2020-11-27T18:00:51+00:00","dateModified":"2024-04-05T14:33:09+00:00","description":"No dudes en contactar para informaci\u00f3n de peritos civiles, penales, indemnizaciones, prestaci\u00f3n y baja por riesgo de embarazo.","breadcrumb":{"@id":"https:\/\/www.ntperitajesmedicos.com\/index.php\/contactar\/#breadcrumb"},"inLanguage":"es","potentialAction":[{"@type":"ReadAction","target":["https:\/\/www.ntperitajesmedicos.com\/index.php\/contactar\/"]}]},{"@type":"BreadcrumbList","@id":"https:\/\/www.ntperitajesmedicos.com\/index.php\/contactar\/#breadcrumb","itemListElement":[{"@type":"ListItem","position":1,"name":"Portada","item":"https:\/\/www.ntperitajesmedicos.com\/"},{"@type":"ListItem","position":2,"name":"Contactar"}]},{"@type":"WebSite","@id":"https:\/\/www.ntperitajesmedicos.com\/#website","url":"https:\/\/www.ntperitajesmedicos.com\/","name":"NT Peritajes M\u00e9dicos","description":"Perito m\u00e9dico por incapacidad o indemnizaci\u00f3n","publisher":{"@id":"https:\/\/www.ntperitajesmedicos.com\/#organization"},"alternateName":"NT Peritajes M\u00e9dicos","potentialAction":[{"@type":"SearchAction","target":{"@type":"EntryPoint","urlTemplate":"https:\/\/www.ntperitajesmedicos.com\/?s={search_term_string}"},"query-input":"required name=search_term_string"}],"inLanguage":"es"},{"@type":"Organization","@id":"https:\/\/www.ntperitajesmedicos.com\/#organization","name":"Noguera-Tudela | Perito M\u00e9dico","url":"https:\/\/www.ntperitajesmedicos.com\/","logo":{"@type":"ImageObject","inLanguage":"es","@id":"https:\/\/www.ntperitajesmedicos.com\/#\/schema\/logo\/image\/","url":"https:\/\/www.ntperitajesmedicos.com\/wp-content\/uploads\/2024\/02\/Vertical-1.png","contentUrl":"https:\/\/www.ntperitajesmedicos.com\/wp-content\/uploads\/2024\/02\/Vertical-1.png","width":493,"height":184,"caption":"Noguera-Tudela | Perito M\u00e9dico"},"image":{"@id":"https:\/\/www.ntperitajesmedicos.com\/#\/schema\/logo\/image\/"},"sameAs":["https:\/\/www.instagram.com\/ntperitajesmedicos\/"]}]}},"_links":{"self":[{"href":"https:\/\/www.ntperitajesmedicos.com\/index.php\/wp-json\/wp\/v2\/pages\/117","targetHints":{"allow":["GET"]}}],"collection":[{"href":"https:\/\/www.ntperitajesmedicos.com\/index.php\/wp-json\/wp\/v2\/pages"}],"about":[{"href":"https:\/\/www.ntperitajesmedicos.com\/index.php\/wp-json\/wp\/v2\/types\/page"}],"author":[{"embeddable":true,"href":"https:\/\/www.ntperitajesmedicos.com\/index.php\/wp-json\/wp\/v2\/users\/1"}],"replies":[{"embeddable":true,"href":"https:\/\/www.ntperitajesmedicos.com\/index.php\/wp-json\/wp\/v2\/comments?post=117"}],"version-history":[{"count":28,"href":"https:\/\/www.ntperitajesmedicos.com\/index.php\/wp-json\/wp\/v2\/pages\/117\/revisions"}],"predecessor-version":[{"id":8539,"href":"https:\/\/www.ntperitajesmedicos.com\/index.php\/wp-json\/wp\/v2\/pages\/117\/revisions\/8539"}],"wp:attachment":[{"href":"https:\/\/www.ntperitajesmedicos.com\/index.php\/wp-json\/wp\/v2\/media?parent=117"}],"curies":[{"name":"wp","href":"https:\/\/api.w.org\/{rel}","templated":true}]}}